{"id":5028,"date":"2019-08-01T15:55:58","date_gmt":"2019-08-01T07:55:58","guid":{"rendered":"https:\/\/www.kuboid.ch\/kuboid\/?post_type=product&#038;p=5028"},"modified":"2026-01-15T00:54:45","modified_gmt":"2026-01-14T23:54:45","slug":"paul-schatz-architektur-und-umstuelpung","status":"publish","type":"product","link":"https:\/\/www.kuboid.ch\/shop\/nl\/product\/paul-schatz-architektur-und-umstuelpung\/","title":{"rendered":"Paul Schatz Architektur und Umst\u00fclpung"},"content":{"rendered":"<p><\/p>\n<dl class=\"product-details\">\n<dt>Product grootte:<\/dt>\n<dd>21.7 x 29.3 x 5 cm<\/dd>\n<dt>Auteur:<\/dt>\n<dd>Paul Schatz<\/dd>\n<\/dl>\n<p>In den vorliegenden Studien, die als \u00abArchitektur und Umst\u00fclpung\u00bb hiermit wieder zug\u00e4nglich gemacht werden, beschreibt Paul Schatz erste Schritte auf dem Weg zum Ursprung des organischen Baustils. Der minuti\u00f6s und aus unterschiedlichen Perspektiven geschilderte Weg \u00fcberschreitet die Grenzen der euklidischen Geometrie in der Baukunst. Dadurch erweist sich die Umst\u00fclpung als Schl\u00fcssel f\u00fcr ein Verst\u00e4ndnis des Lebendigen in der Architektur.<\/p>\n<p>Die umfangreichen Forschungen von Paul Schatz zielen in den Mittelpunkt aktueller Architekturdiskussionen. Mehr als 200 Farbabbildungen aus dem Nachlass erweitern das Bild einer zukunftsweisenden Architektur. Sie bieten Einblick in das Werk eines Erfinders, der als Astronom, Bildhauer, Maschinenbauer und Mathematiker \u00fcber einen origin\u00e4r geisteswissenschaftlichen Forschungsansatz im Sinne der Anthroposophie Rudolf Steiners verf\u00fcgte. Drei Beitr\u00e4ge moderner Autoren vervollst\u00e4ndigen die Sicht.<\/p>","protected":false},"excerpt":{"rendered":"<p>Studien zum organisch-dynamischen Raumbewusstsein.<\/p>\n<p>Product grootte: 21.7 x 29.3 x 5 cm<\/p>\n","protected":false},"featured_media":5029,"comment_status":"open","ping_status":"closed","template":"","meta":[],"product_cat":[136],"product_tag":[],"class_list":{"0":"post-5028","1":"product","2":"type-product","3":"status-publish","4":"has-post-thumbnail","6":"product_cat-publications","8":"first","9":"instock","10":"taxable","11":"shipping-taxable","12":"purchasable","13":"product-type-simple"},"_links":{"self":[{"href":"https:\/\/www.kuboid.ch\/shop\/nl\/wp-json\/wp\/v2\/product\/5028"}],"collection":[{"href":"https:\/\/www.kuboid.ch\/shop\/nl\/wp-json\/wp\/v2\/product"}],"about":[{"href":"https:\/\/www.kuboid.ch\/shop\/nl\/wp-json\/wp\/v2\/types\/product"}],"replies":[{"embeddable":true,"href":"https:\/\/www.kuboid.ch\/shop\/nl\/wp-json\/wp\/v2\/comments?post=5028"}],"wp:featuredmedia":[{"embeddable":true,"href":"https:\/\/www.kuboid.ch\/shop\/nl\/wp-json\/wp\/v2\/media\/5029"}],"wp:attachment":[{"href":"https:\/\/www.kuboid.ch\/shop\/nl\/wp-json\/wp\/v2\/media?parent=5028"}],"wp:term":[{"taxonomy":"product_cat","embeddable":true,"href":"https:\/\/www.kuboid.ch\/shop\/nl\/wp-json\/wp\/v2\/product_cat?post=5028"},{"taxonomy":"product_tag","embeddable":true,"href":"https:\/\/www.kuboid.ch\/shop\/nl\/wp-json\/wp\/v2\/product_tag?post=5028"}],"curies":[{"name":"wp","href":"https:\/\/api.w.org\/{rel}","templated":true}]}}