{"id":5024,"date":"2019-08-01T15:25:35","date_gmt":"2019-08-01T07:25:35","guid":{"rendered":"https:\/\/www.kuboid.ch\/kuboid\/?post_type=product&#038;p=5024"},"modified":"2026-01-15T00:53:41","modified_gmt":"2026-01-14T23:53:41","slug":"technik-und-gestaltung-gesammelte-aufsaetze","status":"publish","type":"product","link":"https:\/\/www.kuboid.ch\/shop\/nl\/product\/technik-und-gestaltung-gesammelte-aufsaetze\/","title":{"rendered":"Technik und Gestaltung \u2013 Gesammelte Aufs\u00e4tze"},"content":{"rendered":"<p><\/p>\n<dl class=\"product-details\">\n<dt>Uitvoering:<\/dt>\n<dd>Hardcover, in het Duits, 1e editie 2008<\/dd>\n<dt>Product grootte:<\/dt>\n<dd>19 x 27 cm<\/dd>\n<\/dl>\n<p>Gesammelte Aufs\u00e4tze von Paul Schatz. 1. Auflage von 2008 (Niggli Verlag). Die vorliegende Aufsatzreihe aus den 30er und 60er Jahren des letzten Jahrhunderts vermittelt ein eigenst\u00e4ndiges Ringen zwischen den beiden gegens\u00e4tzlichen Disziplinen des menschlichen Tuns. Paul Schatz war zu jener Zeit ein einsamer Mahner der Umweltzerst\u00f6rung und zur Verantwortung des Menschen gegen\u00fcber der Erde. Hier kommt ein Schweizer Pionier der Umwelttechnik zu Wort, dem die Bedrohung durch Radioaktivit\u00e4t, DDT und Verschmutzung des Wassers Anlass war, nach den ethischen Prinzipien der Technik zu fragen, welche letztlich nur in einer weiter zu entwickelnden Geisteswissenschaft begr\u00fcndet werden kann.<\/p>","protected":false},"excerpt":{"rendered":"<p>Verzamelde essays van Paul Schatz. 1e editie van 2008 (Niggli Verlag).<\/p>\n<p>Product grootte: 19 x 27 cm<\/p>\n","protected":false},"featured_media":5025,"comment_status":"open","ping_status":"closed","template":"","meta":[],"product_cat":[136],"product_tag":[],"class_list":{"0":"post-5024","1":"product","2":"type-product","3":"status-publish","4":"has-post-thumbnail","6":"product_cat-publications","8":"first","9":"instock","10":"taxable","11":"shipping-taxable","12":"purchasable","13":"product-type-simple"},"_links":{"self":[{"href":"https:\/\/www.kuboid.ch\/shop\/nl\/wp-json\/wp\/v2\/product\/5024"}],"collection":[{"href":"https:\/\/www.kuboid.ch\/shop\/nl\/wp-json\/wp\/v2\/product"}],"about":[{"href":"https:\/\/www.kuboid.ch\/shop\/nl\/wp-json\/wp\/v2\/types\/product"}],"replies":[{"embeddable":true,"href":"https:\/\/www.kuboid.ch\/shop\/nl\/wp-json\/wp\/v2\/comments?post=5024"}],"wp:featuredmedia":[{"embeddable":true,"href":"https:\/\/www.kuboid.ch\/shop\/nl\/wp-json\/wp\/v2\/media\/5025"}],"wp:attachment":[{"href":"https:\/\/www.kuboid.ch\/shop\/nl\/wp-json\/wp\/v2\/media?parent=5024"}],"wp:term":[{"taxonomy":"product_cat","embeddable":true,"href":"https:\/\/www.kuboid.ch\/shop\/nl\/wp-json\/wp\/v2\/product_cat?post=5024"},{"taxonomy":"product_tag","embeddable":true,"href":"https:\/\/www.kuboid.ch\/shop\/nl\/wp-json\/wp\/v2\/product_tag?post=5024"}],"curies":[{"name":"wp","href":"https:\/\/api.w.org\/{rel}","templated":true}]}}