{"id":4813,"date":"2019-07-28T15:03:07","date_gmt":"2019-07-28T07:03:07","guid":{"rendered":"https:\/\/semper.cyon.site\/kuboid\/?page_id=4813"},"modified":"2021-12-13T12:30:46","modified_gmt":"2021-12-13T11:30:46","slug":"terms-of-service","status":"publish","type":"page","link":"https:\/\/www.kuboid.ch\/shop\/nl\/terms-of-service\/","title":{"rendered":"Algemene voorwaarden"},"content":{"rendered":"<p>[vc_row css=&#8221;.vc_custom_1564672352801{padding-right: 6% !important;padding-bottom: 12% !important;padding-left: 6% !important;}&#8221;][vc_column][vc_column_text]Grunds\u00e4tzlich strebt die Kuboid GmbH kundenspezifische Regelungen, bei Problemen einvernehmliche L\u00f6sungen an. Wir stehen Ihnen demnach f\u00fcr Fragen gerne Rede und Antwort und bem\u00fchen uns, m\u00f6glichst auch W\u00fcnsche nach Einzelanfertigungen zu erf\u00fcllen.<\/p>\n<p>Folgende Bestimmungen sollen demgegen\u00fcber lediglich die grundlegenden Rahmenbedingungen festhalten.<\/p>\n<h2>1. Bestellungen<\/h2>\n<p>Die Kuboid GmbH nimmt Bestellungen Post, Fax oder E-Mail entgegen. Telefonische Bestellungen bed\u00fcrfen einer schriftlichen Auftragserteilung. In all diesen F\u00e4llen wird eine rechtsg\u00fcltige Unterschrift zur Voraussetzung gemacht. Bei Bestellungen via Online-Shop gilt das Absenden von Bestelldaten als verbindliche gleichwertige Auftragserteilung wie mit einer analogen Unterschrift.<\/p>\n<h2>2. Mindestbestellwert<\/h2>\n<p>Wir setzen keinen Mindestbestellwert f\u00fcr eine Auftragsbearbeitung voraus.<\/p>\n<h2>3. Preise und Rabatte<\/h2>\n<p>Ons aanbod is aan verandering onderhevig. De prijzen zijn exclusief BTW en exclusief verpakkings- en verzendkosten. Voor leveringen in het buitenland worden de inklaringskosten toegevoegd in overeenstemming met de geldende invoerbepalingen. Prijzen kunnen zonder voorafgaande kennisgeving worden gewijzigd. Vraag naar de thans geldende wederverkoopkortingen en vraag een individuele offerte voor grotere bestelhoeveelheden.<\/p>\n<h2>4. Versandkosten<\/h2>\n<p>Beim Versand werden die Selbstkosten f\u00fcr Verpackungsmaterial sowie das Porto berechnet. Die detaillierten Versandtarife finden Sie unter Versandinfos. Nehmen Sie die Gelegenheit zur Selbstabholung wahr und sparen Sie sich die Versandkosten<\/p>\n<h2>5. Zahlungsarten<\/h2>\n<p>Wir versenden in der Regel gegen Vorauskasse (Bank\u00fcberweisungen aus der Schweiz, EU und Welt m\u00f6glich). Bei abweichenden Zahlungsarten in Abstimmung mit der Kuboid GmbH ist der Rechnungsbetrag innerhalb von 20 Tagen nach Rechnungsdatum und Empfang der Ware f\u00e4llig.<\/p>\n<h2>6. Bankverbindungen<\/h2>\n<p>Die Angaben \u00fcber unsere Bankverbindungen entnehmen Sie bitte der Rechnung oder der Auftragsbet\u00e4tigungs-E-Mail. Im Falle von Bestellungen via Online-Shop gelten die dort vorfindlichen zus\u00e4tzlichen Modalit\u00e4ten und Zahlungsarten (z. Z. PayPal). Kreditkartenzahlung k\u00f6nnen wir bis auf weiteres nur in Verbindung mit PayPal anbieten.<\/p>\n<h2>7. Lieferung<\/h2>\n<p>Die Lieferung erfolgt in der Regel innert einer Woche, Verf\u00fcgbarkeit vorausgesetzt.<\/p>\n<h2>8. Besch\u00e4digungen der Sendung<\/h2>\n<p>Alle Transporte erfolgen auf Gefahr des Empf\u00e4ngers. Bei Transportsch\u00e4den, auch bei zun\u00e4chst \u00e4usserlich nicht erkennbaren, muss der Empf\u00e4nger eine sofortige Tatbestandsaufnahme beim Anlieferer veranlassen. Nur so k\u00f6nnen wir uns um eine schnellstm\u00f6gliche Entsch\u00e4digung bzw. allenfalls Ersatzlieferung k\u00fcmmern.<\/p>\n<h2>9. Reklamationen<\/h2>\n<p>Beanstandungen sind innert einer Woche nach Erhalt der Ware zu melden.<\/p>\n<h2>10. Widerruf und R\u00fcckgabe<\/h2>\n<p>Bestellungen k\u00f6nnen nur ausnahmsweise widerrufen werden und sofern der Auftrag noch nicht bearbeitet wurde. R\u00fccksendungen nehmen wir nur an, wenn sie vorher vereinbart wurden.<\/p>\n<h2>11. Haftung<\/h2>\n<p>Die Haftung f\u00fcr Verluste oder Sch\u00e4den irgendwelcher Art wird ausgeschlossen, soweit nicht Vorsatz oder grobe Fahrl\u00e4ssigkeit vorliegt.<\/p>\n<h2>12. Datenschutz und Vertraulichkeit<\/h2>\n<p>Da die Sicherheit des Datenverkehrs nicht absolut gew\u00e4hrleistet werden kann, wird auch f\u00fcr daraus resultierende Sch\u00e4den keine Haftung \u00fcbernommen. Hingegen verpflichtet sich die Kuboid GmbH, ihre Kundendaten nicht an Dritte weiterzureichen. F\u00fcr die \u00dcbertragung der pers\u00f6nlichen Daten verwenden wir die sog. SSL-Verschl\u00fcsselung mit 128 Bit-Verschl\u00fcsselungsst\u00e4rke, sofern der verwendete Browser dies unterst\u00fctzt. Dies gew\u00e4hrleistet, dass die entsprechenden Daten im Prinzip nicht von Unbefugten mitgelesen werden k\u00f6nnen.<\/p>\n<h2>13. Gerichtsstand<\/h2>\n<p>Bei allf\u00e4lligen Streitigkeiten betreffend die Kuboid GmbH und die von ihr angebotenen Dienstleistungen, insbesondere Bestellungen \u00fcber ihr Online-Shop, kommt schweizerisches Recht zur Anwendung. Gerichtsstand ist Basel, Schweiz, soweit das Gesetz keinen anderen zwingenden Gerichtsstand vorsieht<\/p>\n<p>Stand: 1. Dez. 2006[\/vc_column_text][\/vc_column][\/vc_row]<\/p>","protected":false},"excerpt":{"rendered":"<p>[vc_row css=&#8221;.vc_custom_1564672352801{padding-right: 6% !important;padding-bottom: 12% !important;padding-left: 6% !important;}&#8221;][vc_column][vc_column_text]Grunds\u00e4tzlich strebt die Kuboid GmbH kundenspezifische Regelungen, bei&#8230;<\/p>\n","protected":false},"author":19,"featured_media":0,"parent":0,"menu_order":0,"comment_status":"closed","ping_status":"closed","template":"","meta":{"footnotes":""},"class_list":["post-4813","page","type-page","status-publish","hentry"],"_links":{"self":[{"href":"https:\/\/www.kuboid.ch\/shop\/nl\/wp-json\/wp\/v2\/pages\/4813"}],"collection":[{"href":"https:\/\/www.kuboid.ch\/shop\/nl\/wp-json\/wp\/v2\/pages"}],"about":[{"href":"https:\/\/www.kuboid.ch\/shop\/nl\/wp-json\/wp\/v2\/types\/page"}],"author":[{"embeddable":true,"href":"https:\/\/www.kuboid.ch\/shop\/nl\/wp-json\/wp\/v2\/users\/19"}],"replies":[{"embeddable":true,"href":"https:\/\/www.kuboid.ch\/shop\/nl\/wp-json\/wp\/v2\/comments?post=4813"}],"version-history":[{"count":6,"href":"https:\/\/www.kuboid.ch\/shop\/nl\/wp-json\/wp\/v2\/pages\/4813\/revisions"}],"predecessor-version":[{"id":7703,"href":"https:\/\/www.kuboid.ch\/shop\/nl\/wp-json\/wp\/v2\/pages\/4813\/revisions\/7703"}],"wp:attachment":[{"href":"https:\/\/www.kuboid.ch\/shop\/nl\/wp-json\/wp\/v2\/media?parent=4813"}],"curies":[{"name":"wp","href":"https:\/\/api.w.org\/{rel}","templated":true}]}}