{"id":8443,"date":"2023-11-15T14:47:15","date_gmt":"2023-11-15T13:47:15","guid":{"rendered":"https:\/\/www.kuboid.ch\/shop\/?post_type=product&#038;p=8443"},"modified":"2026-01-15T00:50:49","modified_gmt":"2026-01-14T23:50:49","slug":"oloid-form-der-zukunft","status":"publish","type":"product","link":"https:\/\/www.kuboid.ch\/shop\/fr\/product\/oloid-form-der-zukunft\/","title":{"rendered":"(Deutsch) Oloid. Form der Zukunft"},"content":{"rendered":"<p class=\"qtranxs-available-languages-message qtranxs-available-languages-message-fr\">D\u00e9sol\u00e9, cet article est seulement disponible en <a href=\"https:\/\/www.kuboid.ch\/shop\/de\/wp-json\/wp\/v2\/product\/8443\" class=\"qtranxs-available-language-link qtranxs-available-language-link-de\" title=\"Deutsch\">Deutsch<\/a>.<\/p><p><\/p>\n<dl class=\"product-details\">\n<dt>Ausf\u00fchrung:<\/dt>\n<dd>niggli Verlag, Deutsch, 128 Seiten \/ Pages, 100 Abbildungen, 17 x 22 cm, Hardcover, ISBN 978-3-7212-1024-8<\/dd>\n<dt>Produktgr\u00f6sse:<\/dt>\n<dd>17 x 22 cm<\/dd>\n<dt>Autoren:<\/dt>\n<dd>\n<div class=\"product-attributes herausgeberTobias Langscheid &amp; Tilo Richter (Hg.)\">Tobias Langscheid &amp; Tilo Richter (Hg.)<\/div>\n<\/dd>\n<\/dl>\n<ul>\n<li>Geometrischer K\u00f6rper aus der Bewegung eines von innen nach au\u00dfen gest\u00fclpten W\u00fcrfels<\/li>\n<li>Einmalige kinetische Eigenschaften<\/li>\n<li>Anwendung in unterschiedlichen Fachbereichen<\/li>\n<li>Visionen f\u00fcr die Zukunft<\/li>\n<\/ul>\n<p>1929 entdeckte der Schweizer Bildhauer, Erfinder und Forscher Paul\u2008Schatz (1898\u20131971) die geometrische Form des Oloids.\u2008Schatz\u2019 Lebenswerk war gepr\u00e4gt von diesem fundamental neuen, aus der Bewegung entstandenen K\u00f6rper, f\u00fcr den er immer neue und wegweisende Anwendungen fand. Diese bildstarke und allgemeinverst\u00e4ndliche Monografie zeigt das zeitlos sch\u00f6ne Oloid als Inspirationsquelle und funktionales Element, heute mehr denn je zuvor.<\/p>\n<p>Das gilt f\u00fcr die bildenden K\u00fcnsten und im Design, in Technik und Forschung, in der Architektur, der Philosophie oder der Musik. Enge \u00e4sthetische Bez\u00fcge zur Bildhauerei von Zeitgenossen Paul Schatz\u2019 wie Naum Gabo, Constantin Brancusi oder Henry Moore \u00fcberraschen ebenso wie die heutige Hommage auf ihn durch K\u00fcnstler wie \u00d3lafur El\u00edasson. Das Oloid erweist sich als universeller K\u00f6rper, der \u2013 so schlicht wie komplex, zugleich elegant und kraftvoll \u2013 noch nicht alle seine Geheimnisse und Potenziale offenbart hat.<\/p>\n<p>Mit Beitr\u00e4gen von Dirk B\u00f6ttcher, Andreas Chiquet, Heinrich Frontzek, Felix M. Hediger, Gerhard Heid, Tobias Langscheid, Vera Kopppehel, Walter Kugler, Matthias Mochner, Christoph M\u00fcller, Oliver Niewiadomski, Beate Oberdorfer und Tilo Richter sowie historischen Texten von Lucius Burckhardt und Paul Schatz.<\/p>","protected":false},"excerpt":{"rendered":"<p class=\"qtranxs-available-languages-message qtranxs-available-languages-message-fr\">D\u00e9sol\u00e9, cet article est seulement disponible en <a href=\"https:\/\/www.kuboid.ch\/shop\/de\/wp-json\/wp\/v2\/product\/8443\" class=\"qtranxs-available-language-link qtranxs-available-language-link-de\" title=\"Deutsch\">Deutsch<\/a>.<\/p>\n<p>Mit Beitr\u00e4gen von Dirk B\u00f6ttcher, Andreas Chiquet, Heinrich Frontzek, Felix M. Hediger, Gerhard Heid, Tobias Langscheid, Vera Kopppehel, Walter Kugler, Matthias Mochner, Christoph M\u00fcller, Oliver Niewiadomski, Beate Oberdorfer und Tilo Richter sowie historischen Texten von Lucius Burckhardt und Paul Schatz.<\/p>\n","protected":false},"featured_media":8446,"comment_status":"open","ping_status":"closed","template":"","meta":[],"product_cat":[136],"product_tag":[],"class_list":{"0":"post-8443","1":"product","2":"type-product","3":"status-publish","4":"has-post-thumbnail","6":"product_cat-publications","8":"first","9":"instock","10":"taxable","11":"shipping-taxable","12":"purchasable","13":"product-type-simple"},"_links":{"self":[{"href":"https:\/\/www.kuboid.ch\/shop\/fr\/wp-json\/wp\/v2\/product\/8443"}],"collection":[{"href":"https:\/\/www.kuboid.ch\/shop\/fr\/wp-json\/wp\/v2\/product"}],"about":[{"href":"https:\/\/www.kuboid.ch\/shop\/fr\/wp-json\/wp\/v2\/types\/product"}],"replies":[{"embeddable":true,"href":"https:\/\/www.kuboid.ch\/shop\/fr\/wp-json\/wp\/v2\/comments?post=8443"}],"wp:featuredmedia":[{"embeddable":true,"href":"https:\/\/www.kuboid.ch\/shop\/fr\/wp-json\/wp\/v2\/media\/8446"}],"wp:attachment":[{"href":"https:\/\/www.kuboid.ch\/shop\/fr\/wp-json\/wp\/v2\/media?parent=8443"}],"wp:term":[{"taxonomy":"product_cat","embeddable":true,"href":"https:\/\/www.kuboid.ch\/shop\/fr\/wp-json\/wp\/v2\/product_cat?post=8443"},{"taxonomy":"product_tag","embeddable":true,"href":"https:\/\/www.kuboid.ch\/shop\/fr\/wp-json\/wp\/v2\/product_tag?post=8443"}],"curies":[{"name":"wp","href":"https:\/\/api.w.org\/{rel}","templated":true}]}}