{"id":7873,"date":"2022-07-19T11:31:34","date_gmt":"2022-07-19T09:31:34","guid":{"rendered":"https:\/\/www.kuboid.ch\/shop\/?post_type=product&#038;p=7873"},"modified":"2026-03-27T16:45:17","modified_gmt":"2026-03-27T15:45:17","slug":"rhythmixx-1-2-l-azzura","status":"publish","type":"product","link":"https:\/\/www.kuboid.ch\/shop\/fr\/product\/rhythmixx-1-2-l-azzura\/","title":{"rendered":"Rhythmixx\u00ae 1.2 L AZZURA"},"content":{"rendered":"<p><\/p>\n<dl class=\"product-details\">\n<dt>R\u00e9alisation:<\/dt>\n<dd>Alu, acier inoxydable et plastique<\/dd>\n<dt>Utilisation:<\/dt>\n<dd>Cuisine, laboratoire, restaurant, usines pour l\u2019alimentation<\/dd>\n<dt>Dimension du produit:<\/dt>\n<dd>Total: 20 x 33 x 38 cm. Panier: 12,5 x 12,5 x 16,5 cm, r\u00e9glable pour ampoules, tubes \u00e0 essai et bouteilles diverses<\/dd>\n<dt>Download:<\/dt>\n<dd><i class=\"fas fa-file-pdf\"><\/i>\u2002<a href=\"https:\/\/www.kuboid.ch\/kuboid.ch\/download\/Datasheet_Rhythmixx_12DL-s-FR.pdf\" target=\"_blank\" rel=\"noopener noreferrer\">Datasheet Rhythmixx\u00ae 1.2L<\/a><br \/>\n<i class=\"fas fa-file-pdf\"><\/i>\u2002<a href=\"https:\/\/www.kuboid.ch\/kuboid.ch\/download\/Rhythmixx_Betriebsanleitung_FR.pdf\" target=\"_blank\" rel=\"noopener noreferrer\">Mode d\u2019emploi Rhythmixx\u00ae 1.2L<\/a><\/dd>\n<dt>Design:<\/dt>\n<dd>Oliver Niewiadomski, fabriqu\u00e9 en Suisse<\/dd>\n<\/dl>\n<p>M\u00e9langeur d\u2019inversion \u00e0 commande manuelle d\u2019apr\u00e8s Paul Schatz, con\u00e7u par Oliver Niewiadomski.<br \/>\nMouvement 3D rythmique en douceur et efficacement, selon le principe de l\u2019\u00e9version.<\/p>\n<p><iframe loading=\"lazy\" src=\"https:\/\/www.youtube.com\/embed\/-nB5nsnUw30\" width=\"560\" height=\"315\" frameborder=\"0\" allowfullscreen=\"allowfullscreen\"><\/iframe><\/p>\n<p><iframe loading=\"lazy\" src=\"https:\/\/www.youtube.com\/embed\/H5Ikfn8gxLQ\" width=\"560\" height=\"315\" frameborder=\"0\" allowfullscreen=\"allowfullscreen\"><\/iframe><\/p>","protected":false},"excerpt":{"rendered":"<p>M\u00e9langeur d&rsquo;inversion \u00e0 commande manuelle d&rsquo;apr\u00e8s Paul Schatz.<br \/>\nCon\u00e7u par Oliver Niewiadomski.<\/p>\n<p>Dimension du produit: 20 x 33 x 38 cm<\/p>\n<p><!--<a href=\"https:\/\/www.kuboid.ch\/shop\/contact\/\">Prix sur demande\u2002<i class=\"fas fa-arrow-right\"><\/i><\/a>--><\/p>\n","protected":false},"featured_media":7877,"comment_status":"open","ping_status":"closed","template":"","meta":[],"product_cat":[138],"product_tag":[139,128,140],"class_list":{"0":"post-7873","1":"product","2":"type-product","3":"status-publish","4":"has-post-thumbnail","6":"product_cat-rhythmixx","7":"product_tag-aluminum","8":"product_tag-stainless-steel","9":"product_tag-plastic","11":"first","12":"instock","13":"taxable","14":"shipping-taxable","15":"purchasable","16":"product-type-variable"},"_links":{"self":[{"href":"https:\/\/www.kuboid.ch\/shop\/fr\/wp-json\/wp\/v2\/product\/7873"}],"collection":[{"href":"https:\/\/www.kuboid.ch\/shop\/fr\/wp-json\/wp\/v2\/product"}],"about":[{"href":"https:\/\/www.kuboid.ch\/shop\/fr\/wp-json\/wp\/v2\/types\/product"}],"replies":[{"embeddable":true,"href":"https:\/\/www.kuboid.ch\/shop\/fr\/wp-json\/wp\/v2\/comments?post=7873"}],"wp:featuredmedia":[{"embeddable":true,"href":"https:\/\/www.kuboid.ch\/shop\/fr\/wp-json\/wp\/v2\/media\/7877"}],"wp:attachment":[{"href":"https:\/\/www.kuboid.ch\/shop\/fr\/wp-json\/wp\/v2\/media?parent=7873"}],"wp:term":[{"taxonomy":"product_cat","embeddable":true,"href":"https:\/\/www.kuboid.ch\/shop\/fr\/wp-json\/wp\/v2\/product_cat?post=7873"},{"taxonomy":"product_tag","embeddable":true,"href":"https:\/\/www.kuboid.ch\/shop\/fr\/wp-json\/wp\/v2\/product_tag?post=7873"}],"curies":[{"name":"wp","href":"https:\/\/api.w.org\/{rel}","templated":true}]}}