{"id":7853,"date":"2022-06-14T14:00:26","date_gmt":"2022-06-14T12:00:26","guid":{"rendered":"https:\/\/www.kuboid.ch\/shop\/?post_type=product&#038;p=7853"},"modified":"2026-01-15T00:47:17","modified_gmt":"2026-01-14T23:47:17","slug":"kub-oloid-wood","status":"publish","type":"product","link":"https:\/\/www.kuboid.ch\/shop\/fr\/product\/kub-oloid-wood\/","title":{"rendered":"Kub-Oloid"},"content":{"rendered":"<p><\/p>\n<dl class=\"product-details\">\n<dt>Dimension du produit:<\/dt>\n<dd>14 x 14 x 20 cm<\/dd>\n<dt>Download:<\/dt>\n<dd><i class=\"fas fa-file-pdf\"><\/i>\u2002<a href=\"https:\/\/www.kuboid.ch\/kuboid.ch\/download\/Kub-Oloid-02.pdf\" target=\"_blank\" rel=\"noopener noreferrer\">Texte d&rsquo;accompagnement<\/a><\/dd>\n<\/dl>\n<p>Ce mod\u00e8le explique la relation entre l&rsquo;inversion du cube et l&rsquo;origine de l&rsquo;olo\u00efde. Un bord du cube \u00e9vertable est mont\u00e9 sur un disque en bois. Ce disque d\u00e9crit un arc de cercle de l\u2019Oloid. Les lignes sur les tranches indiquent les positions d&rsquo;intervalle d&rsquo;une \u00e9chelle majeure pendant le processus d&rsquo;\u00e9version.<\/p>","protected":false},"excerpt":{"rendered":"<p>Ce mod\u00e8le explique la relation entre l&rsquo;inversion du cube et l&rsquo;origine de l&rsquo;olo\u00efde.<\/p>\n<p>Dimension du produit: 14 x 14 x 20 cm<\/p>\n","protected":false},"featured_media":7854,"comment_status":"open","ping_status":"closed","template":"","meta":[],"product_cat":[130,102,126],"product_tag":[103,127],"class_list":{"0":"post-7853","1":"product","2":"type-product","3":"status-publish","4":"has-post-thumbnail","6":"product_cat-various-models","7":"product_cat-oloid","8":"product_cat-invertible-cube","9":"product_tag-wood","10":"product_tag-cardboard","12":"first","13":"instock","14":"taxable","15":"shipping-taxable","16":"purchasable","17":"product-type-simple"},"_links":{"self":[{"href":"https:\/\/www.kuboid.ch\/shop\/fr\/wp-json\/wp\/v2\/product\/7853"}],"collection":[{"href":"https:\/\/www.kuboid.ch\/shop\/fr\/wp-json\/wp\/v2\/product"}],"about":[{"href":"https:\/\/www.kuboid.ch\/shop\/fr\/wp-json\/wp\/v2\/types\/product"}],"replies":[{"embeddable":true,"href":"https:\/\/www.kuboid.ch\/shop\/fr\/wp-json\/wp\/v2\/comments?post=7853"}],"wp:featuredmedia":[{"embeddable":true,"href":"https:\/\/www.kuboid.ch\/shop\/fr\/wp-json\/wp\/v2\/media\/7854"}],"wp:attachment":[{"href":"https:\/\/www.kuboid.ch\/shop\/fr\/wp-json\/wp\/v2\/media?parent=7853"}],"wp:term":[{"taxonomy":"product_cat","embeddable":true,"href":"https:\/\/www.kuboid.ch\/shop\/fr\/wp-json\/wp\/v2\/product_cat?post=7853"},{"taxonomy":"product_tag","embeddable":true,"href":"https:\/\/www.kuboid.ch\/shop\/fr\/wp-json\/wp\/v2\/product_tag?post=7853"}],"curies":[{"name":"wp","href":"https:\/\/api.w.org\/{rel}","templated":true}]}}