{"id":5081,"date":"2019-08-02T12:26:46","date_gmt":"2019-08-02T04:26:46","guid":{"rendered":"https:\/\/www.kuboid.ch\/kuboid\/?post_type=product&#038;p=5081"},"modified":"2026-01-15T00:49:53","modified_gmt":"2026-01-14T23:49:53","slug":"oloid-pendant-luminaire-floyd-size-2","status":"publish","type":"product","link":"https:\/\/www.kuboid.ch\/shop\/fr\/product\/oloid-pendant-luminaire-floyd-size-2\/","title":{"rendered":"FLOYD lampe \u00e0 suspension Olo\u00efde (Taille 2)"},"content":{"rendered":"<p><\/p>\n<dl class=\"product-details\">\n<dt>R\u00e9alisation:<\/dt>\n<dd>Lunopal. 1 x E27 max. 60W<\/dd>\n<dt>Dimension du produit:<\/dt>\n<dd>25 x 25 x 52 cm<\/dd>\n<dt>Conception:<\/dt>\n<dd>Felix Hediger<\/dd>\n<dd><i class=\"fas fa-file-pdf\"><\/i>\u2002<a href=\"https:\/\/www.kuboid.ch\/kuboid.ch\/download\/FLOYD-FLYER-WEB.pdf\" target=\"_blank\" rel=\"noopener noreferrer\">Flyer FLOYD-Lampen<\/a><br \/>\n<i class=\"fas fa-file-pdf\"><\/i>\u2002<a href=\"https:\/\/www.kuboid.ch\/kuboid.ch\/download\/OLOID-FLYER-WEB-II-quer.pdf\" target=\"_blank\" rel=\"noopener noreferrer\">Flyer Oloid-Lampen<\/a><\/dd>\n<\/dl>\n<p>C\u2019est d\u00e9j\u00e0 dans les ann\u00e9es trente du 20e si\u00e8cle que l\u2019inventeur, technicien et artiste Paul Schatz a r\u00e9ussi \u00e0 d\u00e9couvrir la forme de l\u2018olo\u00efde. Cette figure g\u00e9om\u00e9trique circonscrite se d\u00e9place en oscillant de mani\u00e8re rythmique sur sa surface. 80 ans apr\u00e8s l\u2019heure d\u00e9cisive de sa d\u00e9couverte, l\u2019olo\u00efde est utilis\u00e9 dans de nombreuses industries.<\/p>\n<p>Le brassage et l\u2019homog\u00e9n\u00e9isation des liquides avec l\u2019olo\u00efde montre combien l\u2019usage du rythme est avantageux et induit en outre une \u00e9norme efficacit\u00e9 \u00e9nerg\u00e9tique.<\/p>\n<p>La soci\u00e9t\u00e9 Kuboid s\u2019est construite sur de nouvelles bases et a d\u00e9velopp\u00e9 une s\u00e9rie de suspensions lumineuses \u00e0 partir de la forme de l\u2019olo\u00efde en coop\u00e9ration avec notre designer Felix Hediger et la soci\u00e9t\u00e9 Domus Licht GmbH. Par l\u00e0, notre \u00e9quipe souhaite proposer au client le meilleur alliage de la cr\u00e9ativit\u00e9 avec la technique et la qualit\u00e9. Septembre 2016. Tous droits r\u00e9serv\u00e9s par Kuboid sarl<\/p>\n<p>La forme de l\u2019olo\u00efde donne \u00e0 la s\u00e9rie de luminaires FLOYD la simplicit\u00e9 du design et l\u2019apparence toute particuli\u00e8re dans l\u2019espace. En se d\u00e9pla\u00e7ant autour de la lampe FLOYD, on est surpris de d\u00e9couvrir continuellement une lampe diff\u00e9rente flottant dans la pi\u00e8ce. Pendant la journ\u00e9e, la lampe se pr\u00e9sente comme une sculpture en \u00e9tat d\u2019apesanteur, qui attire le regard de mani\u00e8re magique.<\/p>\n<p>FLOYD est disponible en trois tailles diff\u00e9rentes:<\/p>\n<p><strong>Taille 1:<\/strong>\u00a0 21 x 21 x 43 cm, 1.32 kg | \u00c9clairage 1 x E27 max. 60W<br \/>\n<strong>Taille 2:<\/strong>\u00a0 25 x 25 x 52 cm, 1.85 kg | \u00c9clairage 1 x E27 max. 60W<br \/>\n<strong>Taille 3:<\/strong>\u00a0 36 x 36 x 75 cm, 3.70 kg | \u00c9clairage 2 x E27 max. 75W<\/p>","protected":false},"excerpt":{"rendered":"<p>La forme de l\u2019olo\u00efde donne \u00e0 la s\u00e9rie de luminaires FLOYD la simplicit\u00e9 du design et l\u2019apparence toute particuli\u00e8re dans l\u2019espace.<\/p>\n<p>Dimension du produit: 25 x 25 x 52 cm<\/p>\n","protected":false},"featured_media":6316,"comment_status":"open","ping_status":"closed","template":"","meta":[],"product_cat":[137,102],"product_tag":[],"class_list":{"0":"post-5081","1":"product","2":"type-product","3":"status-publish","4":"has-post-thumbnail","6":"product_cat-lights","7":"product_cat-oloid","9":"first","10":"instock","11":"taxable","12":"shipping-taxable","13":"purchasable","14":"product-type-simple"},"_links":{"self":[{"href":"https:\/\/www.kuboid.ch\/shop\/fr\/wp-json\/wp\/v2\/product\/5081"}],"collection":[{"href":"https:\/\/www.kuboid.ch\/shop\/fr\/wp-json\/wp\/v2\/product"}],"about":[{"href":"https:\/\/www.kuboid.ch\/shop\/fr\/wp-json\/wp\/v2\/types\/product"}],"replies":[{"embeddable":true,"href":"https:\/\/www.kuboid.ch\/shop\/fr\/wp-json\/wp\/v2\/comments?post=5081"}],"wp:featuredmedia":[{"embeddable":true,"href":"https:\/\/www.kuboid.ch\/shop\/fr\/wp-json\/wp\/v2\/media\/6316"}],"wp:attachment":[{"href":"https:\/\/www.kuboid.ch\/shop\/fr\/wp-json\/wp\/v2\/media?parent=5081"}],"wp:term":[{"taxonomy":"product_cat","embeddable":true,"href":"https:\/\/www.kuboid.ch\/shop\/fr\/wp-json\/wp\/v2\/product_cat?post=5081"},{"taxonomy":"product_tag","embeddable":true,"href":"https:\/\/www.kuboid.ch\/shop\/fr\/wp-json\/wp\/v2\/product_tag?post=5081"}],"curies":[{"name":"wp","href":"https:\/\/api.w.org\/{rel}","templated":true}]}}