{"id":5032,"date":"2019-08-01T16:12:46","date_gmt":"2019-08-01T08:12:46","guid":{"rendered":"https:\/\/www.kuboid.ch\/kuboid\/?post_type=product&#038;p=5032"},"modified":"2026-01-15T00:54:07","modified_gmt":"2026-01-14T23:54:07","slug":"doppelheft-mensch-und-architektur","status":"publish","type":"product","link":"https:\/\/www.kuboid.ch\/shop\/fr\/product\/doppelheft-mensch-und-architektur\/","title":{"rendered":"Doppelheft Mensch und Architektur (en allemand)"},"content":{"rendered":"<p><\/p>\n<dl class=\"product-details\">\n<dt>R\u00e9alisation:<\/dt>\n<dd>Imprim\u00e9 sur papier photo<\/dd>\n<dt>Dimension du produit:<\/dt>\n<dd>21 x 29.7 cm<\/dd>\n<\/dl>\n<p>Deux num\u00e9ros du magazine Mensch und Architektur sont consacr\u00e9s au th\u00e8me \u00abPaul Schatz et l\u2019organique de l\u2019espace et du temps\u00bb. Ils proposent des articles int\u00e9ressants, avec des illustrations abondantes et de grande qualit\u00e9 esth\u00e9tique. Ces num\u00e9ros permettent d\u2019imaginer le concept et de comprendre les possibilit\u00e9s de la transition de la construction statique au mouvement int\u00e9rieur, que ce soit en architecture, en art, en g\u00e9om\u00e9trie, dans la pens\u00e9e et le sentiment. 96 pages env., format env. DIN A4, imprim\u00e9 sur papier photo. Le prix comprend les deux num\u00e9ros.<\/p>","protected":false},"excerpt":{"rendered":"<p>Deux num\u00e9ros du magazine Mensch und Architektur sont consacr\u00e9s au th\u00e8me \u00abPaul Schatz et l\u2019organique de l\u2019espace et du temps\u00bb.<\/p>\n<p>Dimension du produit: 21 x 29.7 cm<\/p>\n","protected":false},"featured_media":5033,"comment_status":"open","ping_status":"closed","template":"","meta":[],"product_cat":[136],"product_tag":[],"class_list":{"0":"post-5032","1":"product","2":"type-product","3":"status-publish","4":"has-post-thumbnail","6":"product_cat-publications","8":"first","9":"instock","10":"taxable","11":"shipping-taxable","12":"purchasable","13":"product-type-simple"},"_links":{"self":[{"href":"https:\/\/www.kuboid.ch\/shop\/fr\/wp-json\/wp\/v2\/product\/5032"}],"collection":[{"href":"https:\/\/www.kuboid.ch\/shop\/fr\/wp-json\/wp\/v2\/product"}],"about":[{"href":"https:\/\/www.kuboid.ch\/shop\/fr\/wp-json\/wp\/v2\/types\/product"}],"replies":[{"embeddable":true,"href":"https:\/\/www.kuboid.ch\/shop\/fr\/wp-json\/wp\/v2\/comments?post=5032"}],"wp:featuredmedia":[{"embeddable":true,"href":"https:\/\/www.kuboid.ch\/shop\/fr\/wp-json\/wp\/v2\/media\/5033"}],"wp:attachment":[{"href":"https:\/\/www.kuboid.ch\/shop\/fr\/wp-json\/wp\/v2\/media?parent=5032"}],"wp:term":[{"taxonomy":"product_cat","embeddable":true,"href":"https:\/\/www.kuboid.ch\/shop\/fr\/wp-json\/wp\/v2\/product_cat?post=5032"},{"taxonomy":"product_tag","embeddable":true,"href":"https:\/\/www.kuboid.ch\/shop\/fr\/wp-json\/wp\/v2\/product_tag?post=5032"}],"curies":[{"name":"wp","href":"https:\/\/api.w.org\/{rel}","templated":true}]}}