{"id":5024,"date":"2019-08-01T15:25:35","date_gmt":"2019-08-01T07:25:35","guid":{"rendered":"https:\/\/www.kuboid.ch\/kuboid\/?post_type=product&#038;p=5024"},"modified":"2026-01-15T00:53:41","modified_gmt":"2026-01-14T23:53:41","slug":"technik-und-gestaltung-gesammelte-aufsaetze","status":"publish","type":"product","link":"https:\/\/www.kuboid.ch\/shop\/fr\/product\/technik-und-gestaltung-gesammelte-aufsaetze\/","title":{"rendered":"Technik und Gestaltung \u2013 Gesammelte Aufs\u00e4tze"},"content":{"rendered":"<p><\/p>\n<dl class=\"product-details\">\n<dt>R\u00e9alisation:<\/dt>\n<dd>Reli\u00e9, en allemand, 1<sup>\u00e8re<\/sup> \u00e9dition 2008<\/dd>\n<dt>Dimension du produit:<\/dt>\n<dd>19 x 27 cm<\/dd>\n<\/dl>\n<p>Cette s\u00e9rie d\u2019articles des ann\u00e9es 1930 aux ann\u00e9es 1960 pr\u00e9sente la qu\u00eate personnelle de l\u2019auteur, attir\u00e9 par deux disciplines polaires de l\u2019activit\u00e9 humaine: la technique et la science spirituelle. Paul Schatz \u00e9tait \u00e0 l\u2019\u00e9poque un ap\u00f4tre solitaire mettant le doigt sur la destruction de l\u2019environnement et la responsabilit\u00e9 des humains envers la Terre. C\u2019est ici un pionnier suisse de l\u2019\u00e9cologie qui prend la parole, conscient de la menace de la radioactivit\u00e9, de l\u2019action nocive du DDT, de la pollution des eaux, et qui s\u2019interroge sur les principes \u00e9thiques de la technique, qui ne peut elle-m\u00eame se fonder que sur une science spirituelle encore \u00e0 d\u00e9velopper. R\u00e9alisation: 120 pages, env. 20 illustrations, broch\u00e9, en allemand.<\/p>","protected":false},"excerpt":{"rendered":"<p>Cette s\u00e9rie d\u2019articles des ann\u00e9es 1930 aux ann\u00e9es 1960 pr\u00e9sente la qu\u00eate personnelle de l\u2019auteur, attir\u00e9 par deux disciplines polaires de l\u2019activit\u00e9 humaine: la technique et la science spirituelle.<\/p>\n<p>Dimension du produit: 19 x 27 cm<\/p>\n","protected":false},"featured_media":5025,"comment_status":"open","ping_status":"closed","template":"","meta":[],"product_cat":[136],"product_tag":[],"class_list":{"0":"post-5024","1":"product","2":"type-product","3":"status-publish","4":"has-post-thumbnail","6":"product_cat-publications","8":"first","9":"instock","10":"taxable","11":"shipping-taxable","12":"purchasable","13":"product-type-simple"},"_links":{"self":[{"href":"https:\/\/www.kuboid.ch\/shop\/fr\/wp-json\/wp\/v2\/product\/5024"}],"collection":[{"href":"https:\/\/www.kuboid.ch\/shop\/fr\/wp-json\/wp\/v2\/product"}],"about":[{"href":"https:\/\/www.kuboid.ch\/shop\/fr\/wp-json\/wp\/v2\/types\/product"}],"replies":[{"embeddable":true,"href":"https:\/\/www.kuboid.ch\/shop\/fr\/wp-json\/wp\/v2\/comments?post=5024"}],"wp:featuredmedia":[{"embeddable":true,"href":"https:\/\/www.kuboid.ch\/shop\/fr\/wp-json\/wp\/v2\/media\/5025"}],"wp:attachment":[{"href":"https:\/\/www.kuboid.ch\/shop\/fr\/wp-json\/wp\/v2\/media?parent=5024"}],"wp:term":[{"taxonomy":"product_cat","embeddable":true,"href":"https:\/\/www.kuboid.ch\/shop\/fr\/wp-json\/wp\/v2\/product_cat?post=5024"},{"taxonomy":"product_tag","embeddable":true,"href":"https:\/\/www.kuboid.ch\/shop\/fr\/wp-json\/wp\/v2\/product_tag?post=5024"}],"curies":[{"name":"wp","href":"https:\/\/api.w.org\/{rel}","templated":true}]}}