{"id":5021,"date":"2019-08-01T15:11:28","date_gmt":"2019-08-01T07:11:28","guid":{"rendered":"https:\/\/www.kuboid.ch\/kuboid\/?post_type=product&#038;p=5021"},"modified":"2026-01-15T00:56:21","modified_gmt":"2026-01-14T23:56:21","slug":"die-welt-ist-umstuelpbar-rhythmusforschung-und-technik","status":"publish","type":"product","link":"https:\/\/www.kuboid.ch\/shop\/fr\/product\/die-welt-ist-umstuelpbar-rhythmusforschung-und-technik\/","title":{"rendered":"Die Welt ist umst\u00fclpbar \u2013 Rhythmusforschung und Technik"},"content":{"rendered":"<p><\/p>\n<dl class=\"product-details\">\n<dt>R\u00e9alisation:<\/dt>\n<dd>Couverture rigide, en allemand, 3e \u00e9dition augment\u00e9e de 2008, plus de 200 pages, plus de 200 illustrations<\/dd>\n<dt>Dimension du produit:<\/dt>\n<dd>19 x 27 cm<\/dd>\n<dt>Auteurs:<\/dt>\n<dd>Paul Schatz, Tobias Langscheid, Christian Ostheimer, Reinhold Salgo, Wolfgang Maas, Robert Byrnes, Georg D\u00fcx, dazu die Beitr\u00e4ge der Willy A. Bachofen AG, Bioengineering AG, Fondovalle GmbH<\/dd>\n<\/dl>\n<p>L\u2019ouvrage standard de Paul Schatz de 1975 dans l\u2019\u00e9dition r\u00e9vis\u00e9e et augment\u00e9e de 2008 (Niggli Verlag). Edit\u00e9 par la Fondation Paul Schatz avec Simon Baur, pr\u00e9face de Christoph Podak et Simon Baur. Bibliographie d\u00e9taill\u00e9e. Cette \u0153uvre est incontournable pour tous ceux qui souhaitent approfondir leurs connaissances sur le monde de pens\u00e9es du sculpteur et inventeur, et qui veulent suivre pas \u00e0 pas la conception du cube inversible et de l\u2019olo\u00efde. Le livre explique les tenants et aboutissants de la r\u00e9version et montre la diversit\u00e9 des corps dits polysomatiques qui en r\u00e9sultent. Sont \u00e9galement expliqu\u00e9es les r\u00e9alisations m\u00e9caniques des machines \u00abTurbula\u00bb et \u00abInversina\u00bb, aujourd\u2019hui utilis\u00e9es dans le monde entier, ou de la technique plus r\u00e9cente de l\u2019olo\u00efde, qui trouve de plus en plus d\u2019applications dans le domaine de la purification de l\u2019eau.<\/p>","protected":false},"excerpt":{"rendered":"<p>\u00abRecherche sur le rythme et technique\u00bb, 3e \u00e9dition, en allemand. L\u2019ouvrage standard de Paul Schatz de 1975 dans l\u2019\u00e9dition r\u00e9vis\u00e9e et augment\u00e9e de 2008 (Niggli Verlag).<\/p>\n<p>Dimension du produit: 19 x 27 cm<\/p>\n","protected":false},"featured_media":5022,"comment_status":"open","ping_status":"closed","template":"","meta":[],"product_cat":[136],"product_tag":[],"class_list":{"0":"post-5021","1":"product","2":"type-product","3":"status-publish","4":"has-post-thumbnail","6":"product_cat-publications","8":"first","9":"outofstock","10":"taxable","11":"shipping-taxable","12":"purchasable","13":"product-type-simple"},"_links":{"self":[{"href":"https:\/\/www.kuboid.ch\/shop\/fr\/wp-json\/wp\/v2\/product\/5021"}],"collection":[{"href":"https:\/\/www.kuboid.ch\/shop\/fr\/wp-json\/wp\/v2\/product"}],"about":[{"href":"https:\/\/www.kuboid.ch\/shop\/fr\/wp-json\/wp\/v2\/types\/product"}],"replies":[{"embeddable":true,"href":"https:\/\/www.kuboid.ch\/shop\/fr\/wp-json\/wp\/v2\/comments?post=5021"}],"wp:featuredmedia":[{"embeddable":true,"href":"https:\/\/www.kuboid.ch\/shop\/fr\/wp-json\/wp\/v2\/media\/5022"}],"wp:attachment":[{"href":"https:\/\/www.kuboid.ch\/shop\/fr\/wp-json\/wp\/v2\/media?parent=5021"}],"wp:term":[{"taxonomy":"product_cat","embeddable":true,"href":"https:\/\/www.kuboid.ch\/shop\/fr\/wp-json\/wp\/v2\/product_cat?post=5021"},{"taxonomy":"product_tag","embeddable":true,"href":"https:\/\/www.kuboid.ch\/shop\/fr\/wp-json\/wp\/v2\/product_tag?post=5021"}],"curies":[{"name":"wp","href":"https:\/\/api.w.org\/{rel}","templated":true}]}}