{"id":4925,"date":"2019-07-30T20:57:24","date_gmt":"2019-07-30T18:57:24","guid":{"rendered":"https:\/\/www.kuboid.ch\/kuboid\/?post_type=product&#038;p=4925"},"modified":"2026-01-15T00:47:34","modified_gmt":"2026-01-14T23:47:34","slug":"star-cube-without-case","status":"publish","type":"product","link":"https:\/\/www.kuboid.ch\/shop\/fr\/product\/star-cube-without-case\/","title":{"rendered":"Cube \u00e9toil\u00e9 sans \u00e9tui"},"content":{"rendered":"<p><\/p>\n<dl class=\"product-details\">\n<dt>R\u00e9alisation:<\/dt>\n<dd>Plexiglas, fabrication manuelle<\/dd>\n<dt>Dimension du produit:<\/dt>\n<dd>longueur des ar\u00eates 5 cm<\/dd>\n<dt>conception:<\/dt>\n<dd>Paul Schatz<\/dd>\n<\/dl>\n<p>Voil\u00e0 la forme classique du cube lib\u00e9r\u00e9e de son enveloppe g\u00e9om\u00e9trique et cosmique. L\u2019intention de Paul Schatz \u00e9tait que l\u2019amateur de formes puisse percevoir l\u2019enveloppe. Se repla\u00e7ant dans la tradition de la Renaissance et des travaux de Jamnitzer, de D\u00fcrer et de Kepler, Paul Schatz d\u00e9crit le cube \u00e9toil\u00e9 dans ces termes:<br \/>\n\u00abLe cube \u00e9toil\u00e9 r\u00e9sulte de l\u2019imbrication de deux pyramides triangulaires. Il incarne l\u2019extension des surfaces du cube jusqu\u2019\u00e0 l\u2019infini.\u00bb<br \/>\nLe cube s\u2019ouvre \u00e0 l\u2019espace \u00e0 travers la forme de deux coques triangulaires s\u2019interp\u00e9n\u00e9trant. Les angles \u00e9vid\u00e9s surgissant vers l\u2019ext\u00e9rieur compl\u00e8tent le cube pour en faire une \u00e9toile. Dans le plan, les composantes du cube \u00e9toil\u00e9 forment trois croix. Le cube \u00e9toil\u00e9 permet de saisir le syst\u00e8me cubique des cristaux dans le contexte de la croix et de l\u2019\u00e9toile.<\/p>","protected":false},"excerpt":{"rendered":"<p>Le cube \u00e9toil\u00e9 permet de saisir le syst\u00e8me cubique des cristaux dans le contexte de la croix et de l\u2019\u00e9toile.<\/p>\n<p>Dimension du produit: longueur des ar\u00eates 5 cm<\/p>\n","protected":false},"featured_media":4926,"comment_status":"open","ping_status":"closed","template":"","meta":[],"product_cat":[130],"product_tag":[131],"class_list":{"0":"post-4925","1":"product","2":"type-product","3":"status-publish","4":"has-post-thumbnail","6":"product_cat-various-models","7":"product_tag-plexiglas","9":"first","10":"instock","11":"taxable","12":"shipping-taxable","13":"purchasable","14":"product-type-simple"},"_links":{"self":[{"href":"https:\/\/www.kuboid.ch\/shop\/fr\/wp-json\/wp\/v2\/product\/4925"}],"collection":[{"href":"https:\/\/www.kuboid.ch\/shop\/fr\/wp-json\/wp\/v2\/product"}],"about":[{"href":"https:\/\/www.kuboid.ch\/shop\/fr\/wp-json\/wp\/v2\/types\/product"}],"replies":[{"embeddable":true,"href":"https:\/\/www.kuboid.ch\/shop\/fr\/wp-json\/wp\/v2\/comments?post=4925"}],"wp:featuredmedia":[{"embeddable":true,"href":"https:\/\/www.kuboid.ch\/shop\/fr\/wp-json\/wp\/v2\/media\/4926"}],"wp:attachment":[{"href":"https:\/\/www.kuboid.ch\/shop\/fr\/wp-json\/wp\/v2\/media?parent=4925"}],"wp:term":[{"taxonomy":"product_cat","embeddable":true,"href":"https:\/\/www.kuboid.ch\/shop\/fr\/wp-json\/wp\/v2\/product_cat?post=4925"},{"taxonomy":"product_tag","embeddable":true,"href":"https:\/\/www.kuboid.ch\/shop\/fr\/wp-json\/wp\/v2\/product_tag?post=4925"}],"curies":[{"name":"wp","href":"https:\/\/api.w.org\/{rel}","templated":true}]}}