{"id":4843,"date":"2019-07-29T20:12:19","date_gmt":"2019-07-29T12:12:19","guid":{"rendered":"https:\/\/semper.cyon.site\/kuboid\/?post_type=product&#038;p=4843"},"modified":"2026-01-15T00:54:56","modified_gmt":"2026-01-14T23:54:56","slug":"invertible-museum-model-kit","status":"publish","type":"product","link":"https:\/\/www.kuboid.ch\/shop\/fr\/product\/invertible-museum-model-kit\/","title":{"rendered":"Mus\u00e9e inversible, \u00e0 d\u00e9couper et monter"},"content":{"rendered":"<p><\/p>\n<dl class=\"product-details\">\n<dt>R\u00e9alisation:<\/dt>\n<dd>Chemise en carton avec feuilles cartonn\u00e9es, solides, bicolores, et patron de d\u00e9coupage<\/dd>\n<dt>Dimension du produit:<\/dt>\n<dd>21 x 29.7 cm<\/dd>\n<dt>Conception:<\/dt>\n<dd>Stephan von Borstel \/ Hascher und Jehle<\/dd>\n<\/dl>\n<p>L&rsquo;id\u00e9e de l&rsquo;\u00e9version est le moyen le plus simple d&rsquo;\u00e9tudier de vraies choses de la vie quotidienne. Vos propres chaussettes ou gants sont id\u00e9aux ou, comme dans ce cas, une belle maison. Par rapport \u00e0 un simple cube, il est particuli\u00e8rement int\u00e9ressant de suivre les diff\u00e9rents c\u00f4t\u00e9s du cube, le toit et le sol lors d\u2019un mouvement de retournement. Ce qui \u00e9tait en haut, en bas, \u00e0 gauche est \u00e0 droite et \u00e0 l&rsquo;int\u00e9rieur est \u00e0 l&rsquo;ext\u00e9rieur.<\/p>","protected":false},"excerpt":{"rendered":"<p>L&rsquo;id\u00e9e de l&rsquo;\u00e9version est le moyen le plus simple d&rsquo;\u00e9tudier de vraies choses de la vie quotidienne.<\/p>\n<p>Dimension du produit: 21 x 29.7 cm<\/p>\n","protected":false},"featured_media":4844,"comment_status":"open","ping_status":"closed","template":"","meta":[],"product_cat":[126],"product_tag":[127],"class_list":{"0":"post-4843","1":"product","2":"type-product","3":"status-publish","4":"has-post-thumbnail","6":"product_cat-invertible-cube","7":"product_tag-cardboard","9":"first","10":"instock","11":"taxable","12":"shipping-taxable","13":"purchasable","14":"product-type-simple"},"_links":{"self":[{"href":"https:\/\/www.kuboid.ch\/shop\/fr\/wp-json\/wp\/v2\/product\/4843"}],"collection":[{"href":"https:\/\/www.kuboid.ch\/shop\/fr\/wp-json\/wp\/v2\/product"}],"about":[{"href":"https:\/\/www.kuboid.ch\/shop\/fr\/wp-json\/wp\/v2\/types\/product"}],"replies":[{"embeddable":true,"href":"https:\/\/www.kuboid.ch\/shop\/fr\/wp-json\/wp\/v2\/comments?post=4843"}],"wp:featuredmedia":[{"embeddable":true,"href":"https:\/\/www.kuboid.ch\/shop\/fr\/wp-json\/wp\/v2\/media\/4844"}],"wp:attachment":[{"href":"https:\/\/www.kuboid.ch\/shop\/fr\/wp-json\/wp\/v2\/media?parent=4843"}],"wp:term":[{"taxonomy":"product_cat","embeddable":true,"href":"https:\/\/www.kuboid.ch\/shop\/fr\/wp-json\/wp\/v2\/product_cat?post=4843"},{"taxonomy":"product_tag","embeddable":true,"href":"https:\/\/www.kuboid.ch\/shop\/fr\/wp-json\/wp\/v2\/product_tag?post=4843"}],"curies":[{"name":"wp","href":"https:\/\/api.w.org\/{rel}","templated":true}]}}