{"id":4831,"date":"2019-07-29T11:15:43","date_gmt":"2019-07-29T03:15:43","guid":{"rendered":"https:\/\/semper.cyon.site\/kuboid\/?post_type=product&#038;p=4831"},"modified":"2026-01-15T00:46:42","modified_gmt":"2026-01-14T23:46:42","slug":"invertible-cube-stainless-steel","status":"publish","type":"product","link":"https:\/\/www.kuboid.ch\/shop\/fr\/product\/invertible-cube-stainless-steel\/","title":{"rendered":"Cube inversible (acier inoxydable)"},"content":{"rendered":"<p><\/p>\n<dl class=\"product-details\">\n<dt>R\u00e9alisation:<\/dt>\n<dd>Acier inoxydable, estamp\u00e9, livr\u00e9 en emballage en carton avec notice explicative<\/dd>\n<dt>Dimension du produit:<\/dt>\n<dd>Longueur des ar\u00eates 7 cm, 11.5 cm en tout<\/dd>\n<dt>Conception:<\/dt>\n<dd>Hans-J\u00fcrgen Goblirsch<\/dd>\n<\/dl>\n<p>Ici appara\u00eet le squelette du cube inversible. Les ar\u00eates prolong\u00e9es concr\u00e9tisent le passage quadruple vers l\u2019infini pendant le processus de inversion du cube. Le mouvement en pulsions rythm\u00e9es \u00e9chappe aux formes fig\u00e9es. La maquette permet le mouvement complet de inversion du cube dans ses diff\u00e9rents intervalles. Commentaire d\u2019un amateur enthousiaste: \u00abMon professeur de math\u00e9matiques disait dans ses cours: \u2039Les parall\u00e8les se coupent \u00e0 l\u2019infini\u203a. J\u2019ai compris cette phrase 20 ans plus tard \u00e0 l\u2019aide de cette maquette du cube\u00bb.<\/p>","protected":false},"excerpt":{"rendered":"<p>Ici appara\u00eet le squelette du cube inversible.<\/p>\n<p>Dimension du produit: Longueur des ar\u00eates 7 cm, 11.5 cm en tout<\/p>\n","protected":false},"featured_media":4834,"comment_status":"open","ping_status":"closed","template":"","meta":[],"product_cat":[126],"product_tag":[128],"class_list":{"0":"post-4831","1":"product","2":"type-product","3":"status-publish","4":"has-post-thumbnail","6":"product_cat-invertible-cube","7":"product_tag-stainless-steel","9":"first","10":"instock","11":"taxable","12":"shipping-taxable","13":"purchasable","14":"product-type-simple"},"_links":{"self":[{"href":"https:\/\/www.kuboid.ch\/shop\/fr\/wp-json\/wp\/v2\/product\/4831"}],"collection":[{"href":"https:\/\/www.kuboid.ch\/shop\/fr\/wp-json\/wp\/v2\/product"}],"about":[{"href":"https:\/\/www.kuboid.ch\/shop\/fr\/wp-json\/wp\/v2\/types\/product"}],"replies":[{"embeddable":true,"href":"https:\/\/www.kuboid.ch\/shop\/fr\/wp-json\/wp\/v2\/comments?post=4831"}],"wp:featuredmedia":[{"embeddable":true,"href":"https:\/\/www.kuboid.ch\/shop\/fr\/wp-json\/wp\/v2\/media\/4834"}],"wp:attachment":[{"href":"https:\/\/www.kuboid.ch\/shop\/fr\/wp-json\/wp\/v2\/media?parent=4831"}],"wp:term":[{"taxonomy":"product_cat","embeddable":true,"href":"https:\/\/www.kuboid.ch\/shop\/fr\/wp-json\/wp\/v2\/product_cat?post=4831"},{"taxonomy":"product_tag","embeddable":true,"href":"https:\/\/www.kuboid.ch\/shop\/fr\/wp-json\/wp\/v2\/product_tag?post=4831"}],"curies":[{"name":"wp","href":"https:\/\/api.w.org\/{rel}","templated":true}]}}