{"id":4780,"date":"2019-07-28T12:14:12","date_gmt":"2019-07-28T10:14:12","guid":{"rendered":"https:\/\/semper.cyon.site\/kuboid\/?post_type=product&#038;p=4780"},"modified":"2026-01-14T23:47:38","modified_gmt":"2026-01-14T22:47:38","slug":"oloid-in-bronze-patinated","status":"publish","type":"product","link":"https:\/\/www.kuboid.ch\/shop\/fr\/product\/oloid-in-bronze-patinated\/","title":{"rendered":"Olo\u00efde en bronze, patin\u00e9"},"content":{"rendered":"<p><\/p>\n<dl class=\"product-details\">\n<dt>R\u00e9alisation:<\/dt>\n<dd>Bronze massif, patin\u00e9, coul\u00e9 \u00e0 la main, fabriqu\u00e9 en petites s\u00e9ries, livr\u00e9 dans une bo\u00eete en carton avec un d\u00e9pliant<\/dd>\n<dt>Dimension du produit:<\/dt>\n<dd>11 x 11 x 17 cm<\/dd>\n<dt>Conception:<\/dt>\n<dd>Paul Schatz<\/dd>\n<\/dl>\n<p>Tout comme Brancusi est associ\u00e9 \u00e0 son \u00abovo\u00efde\u00bb, Paul Schatz est li\u00e9 \u00e0 l\u2019objet qu\u2019il a baptis\u00e9 \u00abolo\u00efde\u00bb. L\u2019olo\u00efde est la forme g\u00e9om\u00e9trique qui r\u00e9sulte des mouvements de r\u00e9version du cube (ou plus exactement de l\u2019une des diagonales). L\u2019objet fixe un moment du mouvement du cube, l\u2019enveloppe et le poursuit en le m\u00e9tamorphosant. C\u2019est une sculpture manifestant le temps. L\u2019objet fixe un moment du mouvement du cube, l\u2019enveloppe et le poursuit en le m\u00e9tamorphosant. C\u2019est une sculpture manifestant le temps.<\/p>","protected":false},"excerpt":{"rendered":"<p>Mis en place dans des r\u00f4les renversants, ce personnage a imm\u00e9diatement fascin\u00e9 jeunes et moins jeunes, mendiants et rois.<\/p>\n<p>Dimension du produit: 11 x 11 x 17 cm<\/p>\n<p><span style=\"color: #ff6600;\">D\u00e9lai de livraison environ 3 mois<\/span><\/p>\n","protected":false},"featured_media":6287,"comment_status":"open","ping_status":"closed","template":"","meta":[],"product_cat":[102],"product_tag":[125],"class_list":{"0":"post-4780","1":"product","2":"type-product","3":"status-publish","4":"has-post-thumbnail","6":"product_cat-oloid","7":"product_tag-bronze","9":"first","10":"instock","11":"taxable","12":"shipping-taxable","13":"purchasable","14":"product-type-simple"},"_links":{"self":[{"href":"https:\/\/www.kuboid.ch\/shop\/fr\/wp-json\/wp\/v2\/product\/4780"}],"collection":[{"href":"https:\/\/www.kuboid.ch\/shop\/fr\/wp-json\/wp\/v2\/product"}],"about":[{"href":"https:\/\/www.kuboid.ch\/shop\/fr\/wp-json\/wp\/v2\/types\/product"}],"replies":[{"embeddable":true,"href":"https:\/\/www.kuboid.ch\/shop\/fr\/wp-json\/wp\/v2\/comments?post=4780"}],"wp:featuredmedia":[{"embeddable":true,"href":"https:\/\/www.kuboid.ch\/shop\/fr\/wp-json\/wp\/v2\/media\/6287"}],"wp:attachment":[{"href":"https:\/\/www.kuboid.ch\/shop\/fr\/wp-json\/wp\/v2\/media?parent=4780"}],"wp:term":[{"taxonomy":"product_cat","embeddable":true,"href":"https:\/\/www.kuboid.ch\/shop\/fr\/wp-json\/wp\/v2\/product_cat?post=4780"},{"taxonomy":"product_tag","embeddable":true,"href":"https:\/\/www.kuboid.ch\/shop\/fr\/wp-json\/wp\/v2\/product_tag?post=4780"}],"curies":[{"name":"wp","href":"https:\/\/api.w.org\/{rel}","templated":true}]}}