{"id":4756,"date":"2019-07-28T10:28:10","date_gmt":"2019-07-28T02:28:10","guid":{"rendered":"https:\/\/semper.cyon.site\/kuboid\/?post_type=product&#038;p=4756"},"modified":"2026-01-14T23:43:46","modified_gmt":"2026-01-14T22:43:46","slug":"oloid-in-marble-mini-light-or-dark","status":"publish","type":"product","link":"https:\/\/www.kuboid.ch\/shop\/fr\/product\/oloid-in-marble-mini-light-or-dark\/","title":{"rendered":"Olo\u00efde en marbre (mini), clair ou sombre"},"content":{"rendered":"<p><\/p>\n<dl class=\"product-details\">\n<dt>R\u00e9alisation:<\/dt>\n<dd>Travail manual, livr\u00e9 dans la bo\u00eete de carton avec une documentation<\/dd>\n<dt>Dimension du produit:<\/dt>\n<dd>4 x 5.5 cm<\/dd>\n<\/dl>\n<p>Le marbre utilis\u00e9 provient d\u2019une carri\u00e8re aux Philippines. Les olo\u00efdes sont enti\u00e8rement faits \u00e0 la main. En achetant cet objet, vous soutenez en m\u00eame temps l\u2019artisanat de l\u2019Ile Romblon et les projets \u00ab Koberwitz 1924 \u00bb aux Philippines.<\/p>\n<p>Chaque olo\u00efde en marbre a sa propre coloration et de fines rayures individuelles. Il se porte bien dans la main et se laisse d\u00e9rouler de mani\u00e8re \u00e9l\u00e9gante.<\/p>","protected":false},"excerpt":{"rendered":"<p>Le marbre utilis\u00e9 provient d\u2019une carri\u00e8re aux Philippines.<\/p>\n<p>Dimension du produit: 4 x 5.5 cm<\/p>\n","protected":false},"featured_media":4761,"comment_status":"open","ping_status":"closed","template":"","meta":[],"product_cat":[102],"product_tag":[122],"class_list":{"0":"post-4756","1":"product","2":"type-product","3":"status-publish","4":"has-post-thumbnail","6":"product_cat-oloid","7":"product_tag-marble","9":"first","10":"instock","11":"taxable","12":"shipping-taxable","13":"purchasable","14":"product-type-variable"},"_links":{"self":[{"href":"https:\/\/www.kuboid.ch\/shop\/fr\/wp-json\/wp\/v2\/product\/4756"}],"collection":[{"href":"https:\/\/www.kuboid.ch\/shop\/fr\/wp-json\/wp\/v2\/product"}],"about":[{"href":"https:\/\/www.kuboid.ch\/shop\/fr\/wp-json\/wp\/v2\/types\/product"}],"replies":[{"embeddable":true,"href":"https:\/\/www.kuboid.ch\/shop\/fr\/wp-json\/wp\/v2\/comments?post=4756"}],"wp:featuredmedia":[{"embeddable":true,"href":"https:\/\/www.kuboid.ch\/shop\/fr\/wp-json\/wp\/v2\/media\/4761"}],"wp:attachment":[{"href":"https:\/\/www.kuboid.ch\/shop\/fr\/wp-json\/wp\/v2\/media?parent=4756"}],"wp:term":[{"taxonomy":"product_cat","embeddable":true,"href":"https:\/\/www.kuboid.ch\/shop\/fr\/wp-json\/wp\/v2\/product_cat?post=4756"},{"taxonomy":"product_tag","embeddable":true,"href":"https:\/\/www.kuboid.ch\/shop\/fr\/wp-json\/wp\/v2\/product_tag?post=4756"}],"curies":[{"name":"wp","href":"https:\/\/api.w.org\/{rel}","templated":true}]}}