{"id":4638,"date":"2019-07-27T12:01:47","date_gmt":"2019-07-27T04:01:47","guid":{"rendered":"https:\/\/semper.cyon.site\/kuboid\/?post_type=product&#038;p=4638"},"modified":"2026-01-14T23:41:47","modified_gmt":"2026-01-14T22:41:47","slug":"oloid-in-wood-small","status":"publish","type":"product","link":"https:\/\/www.kuboid.ch\/shop\/fr\/product\/oloid-in-wood-small\/","title":{"rendered":"Olo\u00efde en bois (petit)"},"content":{"rendered":"<p><\/p>\n<dl class=\"product-details\">\n<dt>R\u00e9alisation:<\/dt>\n<dd>Travail manual, livr\u00e9 dans la bo\u00eete de carton avec une documentation<\/dd>\n<dt>Dimension du produit: <\/dt>\n<dd>7 x 4.5 cm<\/dd>\n<dt>Conception: <\/dt>\n<dd>Paul Schatz<\/dd>\n<\/dl>\n<p>Ces petits olo\u00efdes sont faits pour \u00eatre caress\u00e9s dans le creux de la main. Ils sont de vrais lutins aimant la culbute, ils se prom\u00e8nent en se balan\u00e7ant de droite \u00e0 gauche, et sont surtout un plaisir pour les yeux. Ils accompagnent d\u00e9sormais beaucoup de gens dans leur journ\u00e9e, que ce soit dans le sac \u00e0 main ou la mallette de bureau et surgissent pendant les r\u00e9unions ou les entretiens, pour le plus grand \u00e9tonnement des interlocuteurs \u2013 de vrais petits farfadets. Mais leur apparition n\u2019est pas faite pour effrayer, au contraire, elle suscite l\u2019\u00e9tonnement ravi, comme le prescrivait Platon pour le d\u00e9but de la philosophie. Les bois d\u2019essences et de veinures diff\u00e9rentes donnent \u00e0 chaque exemplaire son caract\u00e8re individuel.<\/p>","protected":false},"excerpt":{"rendered":"<p>Ces petits olo\u00efdes sont faits pour \u00eatre caress\u00e9s dans le creux de la main.<\/p>\n<p>Dimension du produit: 7 x 4.5 cm<\/p>\n","protected":false},"featured_media":7617,"comment_status":"open","ping_status":"closed","template":"","meta":[],"product_cat":[102],"product_tag":[103],"class_list":{"0":"post-4638","1":"product","2":"type-product","3":"status-publish","4":"has-post-thumbnail","6":"product_cat-oloid","7":"product_tag-wood","9":"first","10":"instock","11":"taxable","12":"shipping-taxable","13":"purchasable","14":"product-type-variable"},"_links":{"self":[{"href":"https:\/\/www.kuboid.ch\/shop\/fr\/wp-json\/wp\/v2\/product\/4638"}],"collection":[{"href":"https:\/\/www.kuboid.ch\/shop\/fr\/wp-json\/wp\/v2\/product"}],"about":[{"href":"https:\/\/www.kuboid.ch\/shop\/fr\/wp-json\/wp\/v2\/types\/product"}],"replies":[{"embeddable":true,"href":"https:\/\/www.kuboid.ch\/shop\/fr\/wp-json\/wp\/v2\/comments?post=4638"}],"wp:featuredmedia":[{"embeddable":true,"href":"https:\/\/www.kuboid.ch\/shop\/fr\/wp-json\/wp\/v2\/media\/7617"}],"wp:attachment":[{"href":"https:\/\/www.kuboid.ch\/shop\/fr\/wp-json\/wp\/v2\/media?parent=4638"}],"wp:term":[{"taxonomy":"product_cat","embeddable":true,"href":"https:\/\/www.kuboid.ch\/shop\/fr\/wp-json\/wp\/v2\/product_cat?post=4638"},{"taxonomy":"product_tag","embeddable":true,"href":"https:\/\/www.kuboid.ch\/shop\/fr\/wp-json\/wp\/v2\/product_tag?post=4638"}],"curies":[{"name":"wp","href":"https:\/\/api.w.org\/{rel}","templated":true}]}}