{"id":13125,"date":"2024-10-13T05:11:20","date_gmt":"2024-10-13T03:11:20","guid":{"rendered":"https:\/\/www.kuboid.ch\/shop\/?post_type=product&#038;p=13125"},"modified":"2026-01-14T23:39:05","modified_gmt":"2026-01-14T22:39:05","slug":"oloid-in-epoxy-resin","status":"publish","type":"product","link":"https:\/\/www.kuboid.ch\/shop\/fr\/product\/oloid-in-epoxy-resin\/","title":{"rendered":"Olo\u00efde en r\u00e9sine \u00e9poxyde"},"content":{"rendered":"<p><\/p>\n<dl class=\"product-details\">\n<dt>Dimension du produit:<\/dt>\n<dd>16.5 x 10.8 x 10.8 cm<\/dd>\n<dt>Conception:<\/dt>\n<dd>Paul Schatz<\/dd>\n<\/dl>\n<p>Lors de la d\u00e9livrance du brevet suisse n\u00b0 500&rsquo;000 en 1976, Paul Schatz a \u00e9t\u00e9 en contact avec Ciba Geigy Basel, qui lui a permis de mouler l&rsquo;olo\u00efde sous vide. La r\u00e9sine \u00e9poxy a \u00e9galement fait l&rsquo;objet d&rsquo;un brevet d\u00e9pos\u00e9 par les contemporains de Paul Schatz, le chimiste suisse Pierre Castan et l&rsquo;Allemand Paul Schlack entre 1938 et 1940, et a \u00e9t\u00e9 propos\u00e9e en diff\u00e9rentes variantes chez Ciba-Geigy.<\/p>\n<p>La transparence et le jeu avec la lumi\u00e8re, justement possibles avec la r\u00e9sine \u00e9poxy, conf\u00e8rent \u00e0 la forme olo\u00efde une note particuli\u00e8re et une grande \u00e9l\u00e9gance.<\/p>\n<p>Le poids sp\u00e9cifique et les propri\u00e9t\u00e9s de la r\u00e9sine sont particuli\u00e8rement adapt\u00e9s pour vivre le doux et rythmique tangage de l&rsquo;Oloid sur un support lisse.<\/p>\n<p>Kuboid GmbH a remis au go\u00fbt du jour ce magnifique objet du pass\u00e9.<\/p>\n<p>L&rsquo;olo\u00efde est un d\u00e9fi tant au niveau du design que de la technique. Il est utilis\u00e9 dans le traitement de l&rsquo;eau et dans l&rsquo;industrie.  Le champ des applications est immense. Paul Schatz a \u00e9galement vu l&rsquo;utilisation de la forme dans l&rsquo;aviation et pour la propulsion des bateaux.<\/p>","protected":false},"excerpt":{"rendered":"<p class=\"p1\"><span class=\"s1\">La transparence et le jeu avec la lumi\u00e8re, justement possibles avec la r\u00e9sine \u00e9poxy, conf\u00e8rent \u00e0 la forme olo\u00efde une note particuli\u00e8re et une grande \u00e9l\u00e9gance.<\/span><\/p>\n<p>Dimension du produit: 16.5 x 10.8 x 10.8 cm<\/p>\n","protected":false},"featured_media":13139,"comment_status":"open","ping_status":"closed","template":"","meta":[],"product_cat":[102],"product_tag":[157],"class_list":{"0":"post-13125","1":"product","2":"type-product","3":"status-publish","4":"has-post-thumbnail","6":"product_cat-oloid","7":"product_tag-epoxy-resin","9":"first","10":"instock","11":"taxable","12":"shipping-taxable","13":"purchasable","14":"product-type-variable"},"_links":{"self":[{"href":"https:\/\/www.kuboid.ch\/shop\/fr\/wp-json\/wp\/v2\/product\/13125"}],"collection":[{"href":"https:\/\/www.kuboid.ch\/shop\/fr\/wp-json\/wp\/v2\/product"}],"about":[{"href":"https:\/\/www.kuboid.ch\/shop\/fr\/wp-json\/wp\/v2\/types\/product"}],"replies":[{"embeddable":true,"href":"https:\/\/www.kuboid.ch\/shop\/fr\/wp-json\/wp\/v2\/comments?post=13125"}],"wp:featuredmedia":[{"embeddable":true,"href":"https:\/\/www.kuboid.ch\/shop\/fr\/wp-json\/wp\/v2\/media\/13139"}],"wp:attachment":[{"href":"https:\/\/www.kuboid.ch\/shop\/fr\/wp-json\/wp\/v2\/media?parent=13125"}],"wp:term":[{"taxonomy":"product_cat","embeddable":true,"href":"https:\/\/www.kuboid.ch\/shop\/fr\/wp-json\/wp\/v2\/product_cat?post=13125"},{"taxonomy":"product_tag","embeddable":true,"href":"https:\/\/www.kuboid.ch\/shop\/fr\/wp-json\/wp\/v2\/product_tag?post=13125"}],"curies":[{"name":"wp","href":"https:\/\/api.w.org\/{rel}","templated":true}]}}