{"id":4808,"date":"2019-07-28T15:01:12","date_gmt":"2019-07-28T07:01:12","guid":{"rendered":"https:\/\/semper.cyon.site\/kuboid\/?page_id=4808"},"modified":"2024-03-02T17:10:17","modified_gmt":"2024-03-02T16:10:17","slug":"shipping-information","status":"publish","type":"page","link":"https:\/\/www.kuboid.ch\/shop\/fr\/shipping-information\/","title":{"rendered":"Informations d&rsquo;envoi"},"content":{"rendered":"<p>[vc_row full_width=\u00a0\u00bbstretch_row\u00a0\u00bb css=\u00a0\u00bb.vc_custom_1568902030004{margin-top: -80px !important;padding-bottom: 100px !important;background-color: #dddbcc !important;}\u00a0\u00bb][vc_column][vc_column_text]<\/p>\n<h2>Exp\u00e9dition en Suisse et dans le monde<\/h2>\n<p>Les frais de livraison (CHF) sont calcul\u00e9s automatiquement lors de la commande dans la boutique, comme suit.<\/p>\n<h3>Swiss Post<\/h3>\n<table class=\"swissPost-price\">\n<thead>\n<tr>\n<th>Poids jusqu&rsquo;\u00e0<\/th>\n<th style=\"text-align: center;\">CH, LI<\/th>\n<th style=\"text-align: center;\">Zone 1<\/th>\n<th style=\"text-align: center;\">Zone 2<\/th>\n<th style=\"text-align: center;\">Zone 3<\/th>\n<th style=\"text-align: center;\">Zone 4<\/th>\n<th style=\"text-align: center;\">Zone 5<\/th>\n<th style=\"text-align: center;\">Zone 6<\/th>\n<\/tr>\n<\/thead>\n<tbody>\n<tr>\n<th>0.5 kg<\/th>\n<td>8.50<\/td>\n<td>14.\u2013<\/td>\n<td>14.\u2013<\/td>\n<td>14.\u2013<\/td>\n<td>17.\u2013<\/td>\n<td>17.\u2013<\/td>\n<td>17.\u2013<\/td>\n<\/tr>\n<tr>\n<th>1 kg<\/th>\n<td>8.50<\/td>\n<td>20.\u2013<\/td>\n<td>20.\u2013<\/td>\n<td>20.\u2013<\/td>\n<td>27.\u2013<\/td>\n<td>27.\u2013<\/td>\n<td>27.\u2013<\/td>\n<\/tr>\n<tr>\n<th>2 kg<\/th>\n<td>8.50<\/td>\n<td>30.\u2013<\/td>\n<td>30.\u2013<\/td>\n<td>30.\u2013<\/td>\n<td>37.\u2013<\/td>\n<td>37.\u2013<\/td>\n<td>37.\u2013<\/td>\n<\/tr>\n<tr>\n<th>5 kg<\/th>\n<td>11.50<\/td>\n<td>46.\u2013<\/td>\n<td>51.\u2013<\/td>\n<td>57.\u2013<\/td>\n<td>69.\u2013<\/td>\n<td>78.\u2013<\/td>\n<td>89.\u2013<\/td>\n<\/tr>\n<tr>\n<th>10 kg<\/th>\n<td>11.50<\/td>\n<td>52.\u2013<\/td>\n<td>61.\u2013<\/td>\n<td>68.\u2013<\/td>\n<td>92.\u2013<\/td>\n<td>113.\u2013<\/td>\n<td>137.\u2013<\/td>\n<\/tr>\n<tr>\n<th>15 kg<\/th>\n<td>20.50<\/td>\n<td>59.\u2013<\/td>\n<td>73.\u2013<\/td>\n<td>83.\u2013<\/td>\n<td>119.\u2013<\/td>\n<td>151.\u2013<\/td>\n<td>187.\u2013<\/td>\n<\/tr>\n<tr>\n<th>20 kg<\/th>\n<td>20.50<\/td>\n<td>65.\u2013<\/td>\n<td>83.\u2013<\/td>\n<td>95.\u2013<\/td>\n<td>147.\u2013<\/td>\n<td>193.\u2013<\/td>\n<td>247.\u2013<\/td>\n<\/tr>\n<tr>\n<th>25 kg<\/th>\n<td>20.50<\/td>\n<td>71.\u2013<\/td>\n<td>93.\u2013<\/td>\n<td>110.\u2013<\/td>\n<td>174.\u2013<\/td>\n<td>228.\u2013<\/td>\n<td>297.\u2013<\/td>\n<\/tr>\n<tr>\n<th>30 kg<\/th>\n<td>20.50<\/td>\n<td>76.\u2013<\/td>\n<td>103.\u2013<\/td>\n<td>123.\u2013<\/td>\n<td>197.\u2013<\/td>\n<td>258.\u2013<\/td>\n<td>337.\u2013<\/td>\n<\/tr>\n<\/tbody>\n<\/table>\n<h3>Les zones<\/h3>\n<table class=\"swissPost-zones\">\n<tbody>\n<tr>\n<th style=\"white-space: nowrap;\">CH, LI<\/th>\n<td>Suisse, Liechtenstein<\/td>\n<\/tr>\n<tr>\n<th style=\"white-space: nowrap;\">Zone 1<\/th>\n<td>\n<ul>\n<li>Belgique<\/li>\n<li>Allemagne<\/li>\n<li>Danemark<\/li>\n<li>France<\/li>\n<li>Guernesey<\/li>\n<li>\u00eele de Man<\/li>\n<li>Italie<\/li>\n<li>Jersey<\/li>\n<li>Luxembourg<\/li>\n<li>Monaco<\/li>\n<li>Pays-Bas<\/li>\n<li>Saint-Marin<\/li>\n<li>Vatican<\/li>\n<li>Royaume-Uni<\/li>\n<li>Autriche<\/li>\n<\/ul>\n<\/td>\n<\/tr>\n<tr>\n<th style=\"white-space: nowrap;\">Zone 2<\/th>\n<td>\n<ul>\n<li>Andorre<\/li>\n<li>Estonie<\/li>\n<li>Finlande<\/li>\n<li>Irlande<\/li>\n<li>Lettonie<\/li>\n<li>Lituanie<\/li>\n<li>Norv\u00e8ge<\/li>\n<li>Pologne<\/li>\n<li>Portugal<\/li>\n<li>Su\u00e8de<\/li>\n<li>Slovaquie<\/li>\n<li>Slov\u00e9nie<\/li>\n<li>Espagne<\/li>\n<li>R\u00e9publique Tch\u00e8que<\/li>\n<li>Hongrie<\/li>\n<\/ul>\n<\/td>\n<\/tr>\n<tr>\n<th style=\"white-space: nowrap;\">Zone 3<\/th>\n<td>\n<ul>\n<li>Albanie<\/li>\n<li>Belarus<\/li>\n<li>Bosnie-Herz\u00e9govine<\/li>\n<li>Bulgarie<\/li>\n<li>F\u00e9ro\u00e9<\/li>\n<li>Gibraltar<\/li>\n<li>Gr\u00e8ce<\/li>\n<li>Islande<\/li>\n<li>Croatie<\/li>\n<li>Malte<\/li>\n<li>Mac\u00e9doine<\/li>\n<li>Moldavie<\/li>\n<li>Mont\u00e9n\u00e9gro<\/li>\n<li>Roumanie<\/li>\n<li>Russie<\/li>\n<li>Serbie<\/li>\n<li>Turquie<\/li>\n<li>Ukraine<\/li>\n<li>Chypre<\/li>\n<li>Groenland<\/li>\n<\/ul>\n<\/td>\n<\/tr>\n<tr>\n<th style=\"white-space: nowrap;\">Zone 4<\/th>\n<td>\n<ul>\n<li>\u00celes Vierges am\u00e9ricaines<\/li>\n<li>Canada<\/li>\n<li>Porto Rico<\/li>\n<li>Saint-Pierre et Miquelon<\/li>\n<li>\u00c9tats-Unis d&rsquo;Am\u00e9rique<\/li>\n<li>Belau<\/li>\n<li>Guam<\/li>\n<li>\u00celes Marshall<\/li>\n<li>\u00celes Mariannes du Nord<\/li>\n<li>\u00celes mineures \u00e9loign\u00e9es des \u00c9tats-Unis<\/li>\n<\/ul>\n<\/td>\n<\/tr>\n<tr>\n<th style=\"white-space: nowrap;\">Zone 5<\/th>\n<td>\n<ul>\n<li>Egypte<\/li>\n<li>Alg\u00e9rie<\/li>\n<li>Maroc<\/li>\n<li>Afrique du Sud<\/li>\n<li>Tunisie<\/li>\n<li>Arm\u00e9nie<\/li>\n<li>Azerba\u00efdjan<\/li>\n<li>Bahre\u00efn<\/li>\n<li>Chine continentale<\/li>\n<li>G\u00e9orgie<\/li>\n<li>Hong Kong<\/li>\n<li>Inde<\/li>\n<li>Indon\u00e9sie<\/li>\n<li>Isra\u00ebl<\/li>\n<li>Japon<\/li>\n<li>Y\u00e9men<\/li>\n<li>Jordanie<\/li>\n<li>Qatar<\/li>\n<li>\u00celes Cocos<\/li>\n<li>Kowe\u00eft<\/li>\n<li>Liban<\/li>\n<li>Malaisie<\/li>\n<li>Oman<\/li>\n<li>Territoire palestinien<\/li>\n<li>Philippines<\/li>\n<li>Cor\u00e9e du Sud<\/li>\n<li>Arabie Saoudite<\/li>\n<li>Singapour<\/li>\n<li>Taiwan<\/li>\n<li>Tha\u00eflande<\/li>\n<li>\u00c9mirats arabes unis<\/li>\n<li>Vietnam<\/li>\n<li>Mexique<\/li>\n<li>Samoa am\u00e9ricaines<\/li>\n<li>Australie<\/li>\n<li>Nouvelle-Z\u00e9lande<\/li>\n<li>\u00cele Norfolk<\/li>\n<li>Tok\u00e9laou<\/li>\n<li>Argentine<\/li>\n<li>Br\u00e9sil<\/li>\n<\/ul>\n<\/td>\n<\/tr>\n<tr>\n<th style=\"white-space: nowrap;\">Zone 6<\/th>\n<td>Autres pays\/zones<\/td>\n<\/tr>\n<\/tbody>\n<\/table>\n<p>[\/vc_column_text][\/vc_column][\/vc_row]<\/p>","protected":false},"excerpt":{"rendered":"<p>[vc_row full_width=\u00a0\u00bbstretch_row\u00a0\u00bb css=\u00a0\u00bb.vc_custom_1568902030004{margin-top: -80px !important;padding-bottom: 100px !important;background-color: #dddbcc !important;}\u00a0\u00bb][vc_column][vc_column_text] Exp\u00e9dition en Suisse et dans le&#8230;<\/p>\n","protected":false},"author":19,"featured_media":0,"parent":0,"menu_order":0,"comment_status":"closed","ping_status":"closed","template":"","meta":{"footnotes":""},"class_list":["post-4808","page","type-page","status-publish","hentry"],"_links":{"self":[{"href":"https:\/\/www.kuboid.ch\/shop\/fr\/wp-json\/wp\/v2\/pages\/4808"}],"collection":[{"href":"https:\/\/www.kuboid.ch\/shop\/fr\/wp-json\/wp\/v2\/pages"}],"about":[{"href":"https:\/\/www.kuboid.ch\/shop\/fr\/wp-json\/wp\/v2\/types\/page"}],"author":[{"embeddable":true,"href":"https:\/\/www.kuboid.ch\/shop\/fr\/wp-json\/wp\/v2\/users\/19"}],"replies":[{"embeddable":true,"href":"https:\/\/www.kuboid.ch\/shop\/fr\/wp-json\/wp\/v2\/comments?post=4808"}],"version-history":[{"count":28,"href":"https:\/\/www.kuboid.ch\/shop\/fr\/wp-json\/wp\/v2\/pages\/4808\/revisions"}],"predecessor-version":[{"id":10320,"href":"https:\/\/www.kuboid.ch\/shop\/fr\/wp-json\/wp\/v2\/pages\/4808\/revisions\/10320"}],"wp:attachment":[{"href":"https:\/\/www.kuboid.ch\/shop\/fr\/wp-json\/wp\/v2\/media?parent=4808"}],"curies":[{"name":"wp","href":"https:\/\/api.w.org\/{rel}","templated":true}]}}