{"id":5034,"date":"2019-08-01T16:22:22","date_gmt":"2019-08-01T08:22:22","guid":{"rendered":"https:\/\/www.kuboid.ch\/kuboid\/?post_type=product&#038;p=5034"},"modified":"2026-01-15T00:54:32","modified_gmt":"2026-01-14T23:54:32","slug":"paul-schatz-erfinder-zwischen-kunst-und-technik","status":"publish","type":"product","link":"https:\/\/www.kuboid.ch\/shop\/en\/product\/paul-schatz-erfinder-zwischen-kunst-und-technik\/","title":{"rendered":"Paul Schatz \u2013 Erfinder zwischen Kunst und Technik (in german)"},"content":{"rendered":"<p><\/p>\n<dl class=\"product-details\">\n<dt>Details:<\/dt>\n<dd>144 Seiten, in deutscher Sprache, mit zahlreichen Abbildungen<\/dd>\n<dt>Product size:<\/dt>\n<dd>18.5 x 18.5 cm<\/dd>\n<dt>Editor:<\/dt>\n<dd>Benjamin Kolass (Hrsg.), Info3 Verlag, Frankfurt am Main 2019<\/dd>\n<dt>ISBN:<\/dt>\n<dd>978-3-95779-110-8<\/dd>\n<\/dl>\n<p>Paul Schatz erlebt in jungen Jahren die Testfl\u00fcge des Zeppelins und\u00a0den Einsatz der ersten Panzer. Begeisterung und Skepsis gegen\u00fcber\u00a0den Entwicklungen des fr\u00fchen 20. Jahrhunderts sind ihm gegenw\u00e4rtig. Er studiert Mathematik, Maschinenbau, sp\u00e4ter\u00a0Astronomie, das Ringen um die Grenzen der Wissenschaft f\u00fchrt ihn\u00a0schlie\u00dflich zur Kunst. Nach vielen Jahren als Holzbildhauer, entdeckt\u00a0Paul Schatz mit der Umst\u00fclpung eine grundlegend neue\u00a0Bewegungsart. Dem folgen zahlreiche geometrische Entwicklungen,\u00a0Modelle und eigene technischen Erfindungen.<\/p>\n<p>Paul Schatz&#8217; Lebensideal galt der Verwirklichung einer natur- und menschengem\u00e4\u00dfen Technik. Seine Erfindungen bekommen im Kontext aktueller Umweltfragen neue Brisanz. Diese Publikation zeigt anhand autobiografischer und zeithistorischer Dokumente seinen Weg vom K\u00fcnstler zum Erfinder. Wesentliche Texte aus dem Nachlass werden erstmals ver\u00f6ffentlicht.<\/p>\n<p><strong>Benjamin Kolass (Hrsg.)<\/strong><br \/>\ngeboren 1975, lebt in Stuttgart. Studium der Literatur und Geschichte in Berlin, Publizist und Kulturmanager. Produktionsleitung f\u00fcr Theaterprojekte, \u00d6ffentlichkeitsarbeit f\u00fcr NGOs, Stiftungsrat in Kulturstiftungen, Autor und Herausgeber des Kulturmagazins \u203aprojekt.zeitung\u2039.<\/p>","protected":false},"excerpt":{"rendered":"<p>\u00dcberarbeiteter Nachdruck des \u203aprojekt.zeitung\u2039.<br \/>\n1. Buchauflage 2019 im Info3 Verlag.<\/p>\n<p>Produktgr\u00f6sse: 18.5 x 18.5 cm<\/p>\n","protected":false},"featured_media":6312,"comment_status":"open","ping_status":"closed","template":"","meta":[],"product_cat":[136],"product_tag":[],"class_list":{"0":"post-5034","1":"product","2":"type-product","3":"status-publish","4":"has-post-thumbnail","6":"product_cat-publications","8":"first","9":"instock","10":"taxable","11":"shipping-taxable","12":"purchasable","13":"product-type-simple"},"_links":{"self":[{"href":"https:\/\/www.kuboid.ch\/shop\/en\/wp-json\/wp\/v2\/product\/5034"}],"collection":[{"href":"https:\/\/www.kuboid.ch\/shop\/en\/wp-json\/wp\/v2\/product"}],"about":[{"href":"https:\/\/www.kuboid.ch\/shop\/en\/wp-json\/wp\/v2\/types\/product"}],"replies":[{"embeddable":true,"href":"https:\/\/www.kuboid.ch\/shop\/en\/wp-json\/wp\/v2\/comments?post=5034"}],"wp:featuredmedia":[{"embeddable":true,"href":"https:\/\/www.kuboid.ch\/shop\/en\/wp-json\/wp\/v2\/media\/6312"}],"wp:attachment":[{"href":"https:\/\/www.kuboid.ch\/shop\/en\/wp-json\/wp\/v2\/media?parent=5034"}],"wp:term":[{"taxonomy":"product_cat","embeddable":true,"href":"https:\/\/www.kuboid.ch\/shop\/en\/wp-json\/wp\/v2\/product_cat?post=5034"},{"taxonomy":"product_tag","embeddable":true,"href":"https:\/\/www.kuboid.ch\/shop\/en\/wp-json\/wp\/v2\/product_tag?post=5034"}],"curies":[{"name":"wp","href":"https:\/\/api.w.org\/{rel}","templated":true}]}}