{"id":7853,"date":"2022-06-14T14:00:26","date_gmt":"2022-06-14T12:00:26","guid":{"rendered":"https:\/\/www.kuboid.ch\/shop\/?post_type=product&#038;p=7853"},"modified":"2026-01-15T00:47:17","modified_gmt":"2026-01-14T23:47:17","slug":"kub-oloid-wood","status":"publish","type":"product","link":"https:\/\/www.kuboid.ch\/shop\/de\/product\/kub-oloid-wood\/","title":{"rendered":"Kub-Oloid"},"content":{"rendered":"<p><\/p>\n<dl class=\"product-details\">\n<dt>Produktgr\u00f6sse:<\/dt>\n<dd>14 x 14 x 20 cm<\/dd>\n<dt>Download:<\/dt>\n<dd><i class=\"fas fa-file-pdf\"><\/i>\u2002<a href=\"https:\/\/www.kuboid.ch\/kuboid.ch\/download\/Kub-Oloid-02.pdf\" target=\"_blank\" rel=\"noopener noreferrer\">Begleittext<\/a><\/dd>\n<\/dl>\n<p>Dieses Modell erkl\u00e4rt den Zusammenhang der W\u00fcrfelumst\u00fclpung und die Entstehungsweise des Oloids. Eine Kante des Umst\u00fclpbaren W\u00fcrfels ist auf einer Holzscheibe montiert. Diese Scheibe beschreibt einen Kreisbogen des Oloids. Die Linien auf den Scheiben geben die Intervallpositionen einer Dur-Tonleiter, w\u00e4hrend des Umst\u00fclpungsprozesses an.<\/p>","protected":false},"excerpt":{"rendered":"<p>Dieses Modell erkl\u00e4rt den Zusammenhang der W\u00fcrfelumst\u00fclpung und die Entstehungsweise des Oloids.<\/p>\n<p>Produktgr\u00f6sse: 14 x 14 x 20 cm<\/p>\n","protected":false},"featured_media":7854,"comment_status":"open","ping_status":"closed","template":"","meta":[],"product_cat":[130,102,126],"product_tag":[103,127],"class_list":{"0":"post-7853","1":"product","2":"type-product","3":"status-publish","4":"has-post-thumbnail","6":"product_cat-various-models","7":"product_cat-oloid","8":"product_cat-invertible-cube","9":"product_tag-wood","10":"product_tag-cardboard","12":"first","13":"instock","14":"taxable","15":"shipping-taxable","16":"purchasable","17":"product-type-simple"},"_links":{"self":[{"href":"https:\/\/www.kuboid.ch\/shop\/de\/wp-json\/wp\/v2\/product\/7853"}],"collection":[{"href":"https:\/\/www.kuboid.ch\/shop\/de\/wp-json\/wp\/v2\/product"}],"about":[{"href":"https:\/\/www.kuboid.ch\/shop\/de\/wp-json\/wp\/v2\/types\/product"}],"replies":[{"embeddable":true,"href":"https:\/\/www.kuboid.ch\/shop\/de\/wp-json\/wp\/v2\/comments?post=7853"}],"wp:featuredmedia":[{"embeddable":true,"href":"https:\/\/www.kuboid.ch\/shop\/de\/wp-json\/wp\/v2\/media\/7854"}],"wp:attachment":[{"href":"https:\/\/www.kuboid.ch\/shop\/de\/wp-json\/wp\/v2\/media?parent=7853"}],"wp:term":[{"taxonomy":"product_cat","embeddable":true,"href":"https:\/\/www.kuboid.ch\/shop\/de\/wp-json\/wp\/v2\/product_cat?post=7853"},{"taxonomy":"product_tag","embeddable":true,"href":"https:\/\/www.kuboid.ch\/shop\/de\/wp-json\/wp\/v2\/product_tag?post=7853"}],"curies":[{"name":"wp","href":"https:\/\/api.w.org\/{rel}","templated":true}]}}