{"id":5032,"date":"2019-08-01T16:12:46","date_gmt":"2019-08-01T08:12:46","guid":{"rendered":"https:\/\/www.kuboid.ch\/kuboid\/?post_type=product&#038;p=5032"},"modified":"2026-01-15T00:54:07","modified_gmt":"2026-01-14T23:54:07","slug":"doppelheft-mensch-und-architektur","status":"publish","type":"product","link":"https:\/\/www.kuboid.ch\/shop\/de\/product\/doppelheft-mensch-und-architektur\/","title":{"rendered":"Doppelheft Mensch und Architektur"},"content":{"rendered":"<p><\/p>\n<dl class=\"product-details\">\n<dt>Ausf\u00fchrung:<\/dt>\n<dd>Gedruckt auf Photopapier<\/dd>\n<dt>Produktgr\u00f6sse:<\/dt>\n<dd>21 x 29.7 cm<\/dd>\n<\/dl>\n<p>Zwei Hefte der Architektur-Zeitschrift, die sich ganz dem Thema \u00abPaul Schatz und die Organik von Raum und Zeit\u00bb widmen &#8211; mit einem erstaunlichen Reichtum an h\u00f6chst \u00e4sthetischen Abbildungen und an anregenden Beitr\u00e4gen. Die Hefte lassen ahnen, wie ein \u00dcbergang vom Statischen zum innerlich Beweglichen in Architektur, Kunst, Geometrie, Denken und F\u00fchlen allm\u00e4hlich m\u00f6glich und verstehbar werden kann, Circa 96 Seiten, circa DIN A4, gedruckt auf Photopapier. Der Preis versteht sich f\u00fcr beide Hefte zusammen.<\/p>","protected":false},"excerpt":{"rendered":"<p>Zwei Hefte der Architektur-Zeitschrift, die sich ganz dem Thema \u00abPaul Schatz und die Organik von Raum und Zeit\u00bb widmen.<\/p>\n<p>Produktgr\u00f6sse: 21 x 29.7 cm<\/p>\n","protected":false},"featured_media":5033,"comment_status":"open","ping_status":"closed","template":"","meta":[],"product_cat":[136],"product_tag":[],"class_list":{"0":"post-5032","1":"product","2":"type-product","3":"status-publish","4":"has-post-thumbnail","6":"product_cat-publications","8":"first","9":"instock","10":"taxable","11":"shipping-taxable","12":"purchasable","13":"product-type-simple"},"_links":{"self":[{"href":"https:\/\/www.kuboid.ch\/shop\/de\/wp-json\/wp\/v2\/product\/5032"}],"collection":[{"href":"https:\/\/www.kuboid.ch\/shop\/de\/wp-json\/wp\/v2\/product"}],"about":[{"href":"https:\/\/www.kuboid.ch\/shop\/de\/wp-json\/wp\/v2\/types\/product"}],"replies":[{"embeddable":true,"href":"https:\/\/www.kuboid.ch\/shop\/de\/wp-json\/wp\/v2\/comments?post=5032"}],"wp:featuredmedia":[{"embeddable":true,"href":"https:\/\/www.kuboid.ch\/shop\/de\/wp-json\/wp\/v2\/media\/5033"}],"wp:attachment":[{"href":"https:\/\/www.kuboid.ch\/shop\/de\/wp-json\/wp\/v2\/media?parent=5032"}],"wp:term":[{"taxonomy":"product_cat","embeddable":true,"href":"https:\/\/www.kuboid.ch\/shop\/de\/wp-json\/wp\/v2\/product_cat?post=5032"},{"taxonomy":"product_tag","embeddable":true,"href":"https:\/\/www.kuboid.ch\/shop\/de\/wp-json\/wp\/v2\/product_tag?post=5032"}],"curies":[{"name":"wp","href":"https:\/\/api.w.org\/{rel}","templated":true}]}}