{"id":5030,"date":"2019-08-01T16:03:04","date_gmt":"2019-08-01T08:03:04","guid":{"rendered":"https:\/\/www.kuboid.ch\/kuboid\/?post_type=product&#038;p=5030"},"modified":"2026-01-15T00:53:54","modified_gmt":"2026-01-14T23:53:54","slug":"bau-eines-umstuelpbaren-wuerfels","status":"publish","type":"product","link":"https:\/\/www.kuboid.ch\/shop\/de\/product\/bau-eines-umstuelpbaren-wuerfels\/","title":{"rendered":"Bau eines umst\u00fclpbaren W\u00fcrfels"},"content":{"rendered":"<p><\/p>\n<dl class=\"product-details\">\n<dt>Ausf\u00fchrung:<\/dt>\n<dd>44 Seiten, geheftet<\/dd>\n<dt>Produktgr\u00f6sse:<\/dt>\n<dd>22 x 30.2 cm<\/dd>\n<dt>Autor:<\/dt>\n<dd>Robert Neumann<\/dd>\n<\/dl>\n<p>In diesem Buch wird in einer schrittweisen Anleitung beschrieben, wie man vorgeht, um einen solchen W\u00fcrfel selbst zu bauen und den Weg der Konstruktion zu verstehen. Es ist geeignet f\u00fcr die Arbeit mit Sch\u00fclern oder aber auch zum Selbststudium. Es sind keine besonderen mathematischen Vorkenntnisse n\u00f6tig.<\/p>\n<p>Zus\u00e4tzlich enth\u00e4lt das Heft noch einen Bastelbogen, mit dem sich ein umst\u00fclpbarer W\u00fcrfel ohne gro\u00dfen Aufwand bauen l\u00e4sst.<\/p>\n<p>Empfohlen f\u00fcr die 8. (und 9.) Klasse. Das Heft enth\u00e4lt:<\/p>\n<ul>\n<li>Genaue Konstruktionsanleitungen<\/li>\n<li>Beschreibungen f\u00fcr den Bau mit einer Schulklasse\/Gruppe<\/li>\n<li>Didaktische Hinweise<\/li>\n<li>Einen Bastelbogen f\u00fcr den Bau eines umst\u00fclpbaren W\u00fcrfels<\/li>\n<\/ul>\n<p><\/p>","protected":false},"excerpt":{"rendered":"<p>In diesem Buch wird in einer schrittweisen Anleitung beschrieben, wie man vorgeht, um einen solchen W\u00fcrfel selbst zu bauen und den Weg der Konstruktion zu verstehen.<\/p>\n<p>Produktgr\u00f6sse: 22 x 30.2 cm<\/p>\n","protected":false},"featured_media":5031,"comment_status":"open","ping_status":"closed","template":"","meta":[],"product_cat":[136],"product_tag":[],"class_list":{"0":"post-5030","1":"product","2":"type-product","3":"status-publish","4":"has-post-thumbnail","6":"product_cat-publications","8":"first","9":"instock","10":"taxable","11":"shipping-taxable","12":"purchasable","13":"product-type-simple"},"_links":{"self":[{"href":"https:\/\/www.kuboid.ch\/shop\/de\/wp-json\/wp\/v2\/product\/5030"}],"collection":[{"href":"https:\/\/www.kuboid.ch\/shop\/de\/wp-json\/wp\/v2\/product"}],"about":[{"href":"https:\/\/www.kuboid.ch\/shop\/de\/wp-json\/wp\/v2\/types\/product"}],"replies":[{"embeddable":true,"href":"https:\/\/www.kuboid.ch\/shop\/de\/wp-json\/wp\/v2\/comments?post=5030"}],"wp:featuredmedia":[{"embeddable":true,"href":"https:\/\/www.kuboid.ch\/shop\/de\/wp-json\/wp\/v2\/media\/5031"}],"wp:attachment":[{"href":"https:\/\/www.kuboid.ch\/shop\/de\/wp-json\/wp\/v2\/media?parent=5030"}],"wp:term":[{"taxonomy":"product_cat","embeddable":true,"href":"https:\/\/www.kuboid.ch\/shop\/de\/wp-json\/wp\/v2\/product_cat?post=5030"},{"taxonomy":"product_tag","embeddable":true,"href":"https:\/\/www.kuboid.ch\/shop\/de\/wp-json\/wp\/v2\/product_tag?post=5030"}],"curies":[{"name":"wp","href":"https:\/\/api.w.org\/{rel}","templated":true}]}}