{"id":5021,"date":"2019-08-01T15:11:28","date_gmt":"2019-08-01T07:11:28","guid":{"rendered":"https:\/\/www.kuboid.ch\/kuboid\/?post_type=product&#038;p=5021"},"modified":"2026-01-15T00:56:21","modified_gmt":"2026-01-14T23:56:21","slug":"die-welt-ist-umstuelpbar-rhythmusforschung-und-technik","status":"publish","type":"product","link":"https:\/\/www.kuboid.ch\/shop\/de\/product\/die-welt-ist-umstuelpbar-rhythmusforschung-und-technik\/","title":{"rendered":"Die Welt ist umst\u00fclpbar \u2013 Rhythmusforschung und Technik"},"content":{"rendered":"<p><\/p>\n<dl class=\"product-details\">\n<dt>Ausf\u00fchrung:<\/dt>\n<dd>Hardcover, in Deutsch, 3. erweiterte Auflage 2008<\/dd>\n<dt>Produktgr\u00f6sse:<\/dt>\n<dd>19 x 27 cm<\/dd>\n<dt>Autoren:<\/dt>\n<dd>Paul Schatz, Tobias Langscheid, Christian Ostheimer, Reinhold Salgo, Wolfgang Maas, Robert Byrnes, Georg D\u00fcx, dazu die Beitr\u00e4ge der Willy A. Bachofen AG, Bioengineering AG, Fondovalle GmbH<\/dd>\n<\/dl>\n<p>Das Standardwerk von Paul Schatz von 1975 in dritter, wesentlich erweiterter Auflage von 2008 (Niggli Verlag). Wer sich in die Gedankenwelt des Bildhauers und Erfinders vertiefen m\u00f6chte, die Entstehungsweise u. a. des Umst\u00fclpbaren W\u00fcrfels und des Oloids genauer nachvollziehen m\u00f6chte, kommt nicht darum herum, sich dieses Buch zu Gem\u00fcte zu f\u00fchren. Es erl\u00e4utert die der Umst\u00fclpung zugrunde liegenden Zusammenh\u00e4nge und zeigt die Vielfalt der sog. Polysomatischen K\u00f6rper, welche dieser entspringen. Dargestellt sind auch die darauf aufbauenden maschinenbautechnischen Umsetzungen, wie die weltweit eingesetzte Mischmaschine \u00abTurbula\u00bb oder die neuere \u00abOloid-Technik\u00bb, welche heute im Bereich Gew\u00e4ssersanierung zunehmend Verbreitung findet.<\/p>","protected":false},"excerpt":{"rendered":"<p>Das Standardwerk von Paul Schatz von 1975 in dritter, wesentlich erweiterter Auflage von 2008 (Niggli Verlag).<\/p>\n<p>Produktgr\u00f6sse: 19 x 27 cm<\/p>\n","protected":false},"featured_media":5022,"comment_status":"open","ping_status":"closed","template":"","meta":[],"product_cat":[136],"product_tag":[],"class_list":{"0":"post-5021","1":"product","2":"type-product","3":"status-publish","4":"has-post-thumbnail","6":"product_cat-publications","8":"first","9":"outofstock","10":"taxable","11":"shipping-taxable","12":"purchasable","13":"product-type-simple"},"_links":{"self":[{"href":"https:\/\/www.kuboid.ch\/shop\/de\/wp-json\/wp\/v2\/product\/5021"}],"collection":[{"href":"https:\/\/www.kuboid.ch\/shop\/de\/wp-json\/wp\/v2\/product"}],"about":[{"href":"https:\/\/www.kuboid.ch\/shop\/de\/wp-json\/wp\/v2\/types\/product"}],"replies":[{"embeddable":true,"href":"https:\/\/www.kuboid.ch\/shop\/de\/wp-json\/wp\/v2\/comments?post=5021"}],"wp:featuredmedia":[{"embeddable":true,"href":"https:\/\/www.kuboid.ch\/shop\/de\/wp-json\/wp\/v2\/media\/5022"}],"wp:attachment":[{"href":"https:\/\/www.kuboid.ch\/shop\/de\/wp-json\/wp\/v2\/media?parent=5021"}],"wp:term":[{"taxonomy":"product_cat","embeddable":true,"href":"https:\/\/www.kuboid.ch\/shop\/de\/wp-json\/wp\/v2\/product_cat?post=5021"},{"taxonomy":"product_tag","embeddable":true,"href":"https:\/\/www.kuboid.ch\/shop\/de\/wp-json\/wp\/v2\/product_tag?post=5021"}],"curies":[{"name":"wp","href":"https:\/\/api.w.org\/{rel}","templated":true}]}}