{"id":4927,"date":"2019-07-30T21:08:08","date_gmt":"2019-07-30T19:08:08","guid":{"rendered":"https:\/\/www.kuboid.ch\/kuboid\/?post_type=product&#038;p=4927"},"modified":"2026-01-15T00:47:57","modified_gmt":"2026-01-14T23:47:57","slug":"star-cube-with-case","status":"publish","type":"product","link":"https:\/\/www.kuboid.ch\/shop\/de\/product\/star-cube-with-case\/","title":{"rendered":"Sternw\u00fcrfel mit Etui"},"content":{"rendered":"<p><\/p>\n<dl class=\"product-details\">\n<dt>Ausf\u00fchrung:<\/dt>\n<dd>Plexiglas, in kartoniertem Etui, handgefertigt<\/dd>\n<dt>Produktgr\u00f6sse:<\/dt>\n<dd>Kantenl\u00e4nge jeweils 5 cm<\/dd>\n<dt>Design:<\/dt>\n<dd>Paul Schatz<\/dd>\n<\/dl>\n<p>Der W\u00fcrfel ist im Wesentlichen als Einzelform bekannt. Losgel\u00f6st von seinem geometrischen und kosmischen Umfeld liegt er vor uns. Paul Schatz&#8217;s Absicht war es, sein Umfeld dem Formliebhaber wieder sichtbar zu machen. In der Tradition der Renaissance, der Arbeiten von Jamnitzer, D\u00fcrer und Kepler beschreibt Paul Schatz den Sternw\u00fcrfel wie folgt: Der Sternw\u00fcrfel entsteht aus der wechselst\u00e4ndigen Durchdringung zweier W\u00fcrfelecken (Zweier dreiseitigen Pyramiden). Der Sternw\u00fcrfel veranschaulicht das Sich-Ausdehnen der W\u00fcrfelfl\u00e4chen ins Grenzenlose. In Form zweier sich durchdringenden Dreikantschalen \u00f6ffnet sich der W\u00fcrfel dem Raum. Die aus dem K\u00f6rper herausragenden offenen Keile erg\u00e4nzen den Kubus zum Stern. In der Ebene gelegt, bilden die Bestandteile des Sternw\u00fcrfels drei Kreuze. Mit dem Sternw\u00fcrfel erfasst man das kubische Kristallsystem aus dem Zusammenhang von Kreuz und Stern.<\/p>","protected":false},"excerpt":{"rendered":"<p>Mit dem Sternw\u00fcrfel erfasst man das kubische Kristallsystem aus dem Zusammenhang von Kreuz und Stern.<\/p>\n<p>Produktgr\u00f6sse: Kantenl\u00e4nge 5 cm<\/p>\n","protected":false},"featured_media":4929,"comment_status":"open","ping_status":"closed","template":"","meta":[],"product_cat":[130],"product_tag":[131],"class_list":{"0":"post-4927","1":"product","2":"type-product","3":"status-publish","4":"has-post-thumbnail","6":"product_cat-various-models","7":"product_tag-plexiglas","9":"first","10":"instock","11":"taxable","12":"shipping-taxable","13":"purchasable","14":"product-type-simple"},"_links":{"self":[{"href":"https:\/\/www.kuboid.ch\/shop\/de\/wp-json\/wp\/v2\/product\/4927"}],"collection":[{"href":"https:\/\/www.kuboid.ch\/shop\/de\/wp-json\/wp\/v2\/product"}],"about":[{"href":"https:\/\/www.kuboid.ch\/shop\/de\/wp-json\/wp\/v2\/types\/product"}],"replies":[{"embeddable":true,"href":"https:\/\/www.kuboid.ch\/shop\/de\/wp-json\/wp\/v2\/comments?post=4927"}],"wp:featuredmedia":[{"embeddable":true,"href":"https:\/\/www.kuboid.ch\/shop\/de\/wp-json\/wp\/v2\/media\/4929"}],"wp:attachment":[{"href":"https:\/\/www.kuboid.ch\/shop\/de\/wp-json\/wp\/v2\/media?parent=4927"}],"wp:term":[{"taxonomy":"product_cat","embeddable":true,"href":"https:\/\/www.kuboid.ch\/shop\/de\/wp-json\/wp\/v2\/product_cat?post=4927"},{"taxonomy":"product_tag","embeddable":true,"href":"https:\/\/www.kuboid.ch\/shop\/de\/wp-json\/wp\/v2\/product_tag?post=4927"}],"curies":[{"name":"wp","href":"https:\/\/api.w.org\/{rel}","templated":true}]}}