{"id":4843,"date":"2019-07-29T20:12:19","date_gmt":"2019-07-29T12:12:19","guid":{"rendered":"https:\/\/semper.cyon.site\/kuboid\/?post_type=product&#038;p=4843"},"modified":"2026-01-15T00:54:56","modified_gmt":"2026-01-14T23:54:56","slug":"invertible-museum-model-kit","status":"publish","type":"product","link":"https:\/\/www.kuboid.ch\/shop\/de\/product\/invertible-museum-model-kit\/","title":{"rendered":"Bastelmappe Umst\u00fclpbares Museum"},"content":{"rendered":"<p><\/p>\n<dl class=\"product-details\">\n<dt>Ausf\u00fchrung:<\/dt>\n<dd>Bastelmappe mit 3 Einlagen aus stabilem Karton, 4-farbig mit Schnittmuster . Vorgestanzt und gerillt. Einfache und rasche Herstellung<\/dd>\n<dt>Produktgr\u00f6sse:<\/dt>\n<dd>21 x 29.7 cm<\/dd>\n<dt>Design:<\/dt>\n<dd>Stephan von Borstel \/ Hascher und Jehle<\/dd>\n<\/dl>\n<p>Die Idee der Umst\u00fclpung ist am einfachsten an realen Dingen des Alltags zu studieren. Die eigenen Socken oder Handschuhe bieten sich an, oder aber dann wie in diesem Falle ein sch\u00f6nes Haus. Im Vergleich zu einem einfachen W\u00fcrfel ist es hier besonders spannend, die verschiedenen Seiten des W\u00fcrfels, das Dach und der Boden w\u00e4hrend einer Umst\u00fclpungsbewegung zu verfolgen. Was oben war, wird unten, links wird rechts und innen wird aussen.<\/p>","protected":false},"excerpt":{"rendered":"<p>Die Idee der Umst\u00fclpung ist am einfachsten an realen Dingen des Alltags zu studieren.<\/p>\n<p>Produktgr\u00f6sse: 21 x 29.7 cm<\/p>\n","protected":false},"featured_media":4844,"comment_status":"open","ping_status":"closed","template":"","meta":[],"product_cat":[126],"product_tag":[127],"class_list":{"0":"post-4843","1":"product","2":"type-product","3":"status-publish","4":"has-post-thumbnail","6":"product_cat-invertible-cube","7":"product_tag-cardboard","9":"first","10":"instock","11":"taxable","12":"shipping-taxable","13":"purchasable","14":"product-type-simple"},"_links":{"self":[{"href":"https:\/\/www.kuboid.ch\/shop\/de\/wp-json\/wp\/v2\/product\/4843"}],"collection":[{"href":"https:\/\/www.kuboid.ch\/shop\/de\/wp-json\/wp\/v2\/product"}],"about":[{"href":"https:\/\/www.kuboid.ch\/shop\/de\/wp-json\/wp\/v2\/types\/product"}],"replies":[{"embeddable":true,"href":"https:\/\/www.kuboid.ch\/shop\/de\/wp-json\/wp\/v2\/comments?post=4843"}],"wp:featuredmedia":[{"embeddable":true,"href":"https:\/\/www.kuboid.ch\/shop\/de\/wp-json\/wp\/v2\/media\/4844"}],"wp:attachment":[{"href":"https:\/\/www.kuboid.ch\/shop\/de\/wp-json\/wp\/v2\/media?parent=4843"}],"wp:term":[{"taxonomy":"product_cat","embeddable":true,"href":"https:\/\/www.kuboid.ch\/shop\/de\/wp-json\/wp\/v2\/product_cat?post=4843"},{"taxonomy":"product_tag","embeddable":true,"href":"https:\/\/www.kuboid.ch\/shop\/de\/wp-json\/wp\/v2\/product_tag?post=4843"}],"curies":[{"name":"wp","href":"https:\/\/api.w.org\/{rel}","templated":true}]}}