{"id":4835,"date":"2019-07-29T11:30:53","date_gmt":"2019-07-29T03:30:53","guid":{"rendered":"https:\/\/semper.cyon.site\/kuboid\/?post_type=product&#038;p=4835"},"modified":"2026-01-15T00:46:59","modified_gmt":"2026-01-14T23:46:59","slug":"hexyflex-wire-cube","status":"publish","type":"product","link":"https:\/\/www.kuboid.ch\/shop\/de\/product\/hexyflex-wire-cube\/","title":{"rendered":"Drahtw\u00fcrfel Hexyflex"},"content":{"rendered":"<p><\/p>\n<dl class=\"product-details\">\n<dt>Ausf\u00fchrung:<\/dt>\n<dd>Stahl, mit Spiralgelenken, industriell gefertigte, manuell zusammengesetzte Einzelteile, in einer weissen Schachtel aus Karton mit Beipackzettel geliefert<\/dd>\n<dt>Produktgr\u00f6sse:<\/dt>\n<dd>Kantenl\u00e4nge 7 cm<\/dd>\n<\/dl>\n<p>Der Umst\u00fclpbare W\u00fcrfel in einer besonders leichten, anschmiegsamen Reduktion auf den W\u00fcrfelg\u00fcrtel.<\/p>","protected":false},"excerpt":{"rendered":"<p>Der Umst\u00fclpbare W\u00fcrfel in einer besonders leichten, anschmiegsamen Reduktion auf den W\u00fcrfelg\u00fcrtel.<\/p>\n<p>Produktgr\u00f6sse: Kantenl\u00e4nge 7 cm<\/p>\n","protected":false},"featured_media":7802,"comment_status":"open","ping_status":"closed","template":"","meta":[],"product_cat":[126],"product_tag":[129],"class_list":{"0":"post-4835","1":"product","2":"type-product","3":"status-publish","4":"has-post-thumbnail","6":"product_cat-invertible-cube","7":"product_tag-steel","9":"first","10":"instock","11":"taxable","12":"shipping-taxable","13":"purchasable","14":"product-type-simple"},"_links":{"self":[{"href":"https:\/\/www.kuboid.ch\/shop\/de\/wp-json\/wp\/v2\/product\/4835"}],"collection":[{"href":"https:\/\/www.kuboid.ch\/shop\/de\/wp-json\/wp\/v2\/product"}],"about":[{"href":"https:\/\/www.kuboid.ch\/shop\/de\/wp-json\/wp\/v2\/types\/product"}],"replies":[{"embeddable":true,"href":"https:\/\/www.kuboid.ch\/shop\/de\/wp-json\/wp\/v2\/comments?post=4835"}],"wp:featuredmedia":[{"embeddable":true,"href":"https:\/\/www.kuboid.ch\/shop\/de\/wp-json\/wp\/v2\/media\/7802"}],"wp:attachment":[{"href":"https:\/\/www.kuboid.ch\/shop\/de\/wp-json\/wp\/v2\/media?parent=4835"}],"wp:term":[{"taxonomy":"product_cat","embeddable":true,"href":"https:\/\/www.kuboid.ch\/shop\/de\/wp-json\/wp\/v2\/product_cat?post=4835"},{"taxonomy":"product_tag","embeddable":true,"href":"https:\/\/www.kuboid.ch\/shop\/de\/wp-json\/wp\/v2\/product_tag?post=4835"}],"curies":[{"name":"wp","href":"https:\/\/api.w.org\/{rel}","templated":true}]}}