{"id":4831,"date":"2019-07-29T11:15:43","date_gmt":"2019-07-29T03:15:43","guid":{"rendered":"https:\/\/semper.cyon.site\/kuboid\/?post_type=product&#038;p=4831"},"modified":"2026-01-15T00:46:42","modified_gmt":"2026-01-14T23:46:42","slug":"invertible-cube-stainless-steel","status":"publish","type":"product","link":"https:\/\/www.kuboid.ch\/shop\/de\/product\/invertible-cube-stainless-steel\/","title":{"rendered":"Umst\u00fclpbarer W\u00fcrfel (Edelstahl)"},"content":{"rendered":"<p><\/p>\n<dl class=\"product-details\">\n<dt>Ausf\u00fchrung:<\/dt>\n<dd>Edelstahl, gestanzt, in Kartonschachtel mit Beipackzettel geliefert<\/dd>\n<dt>Produktgr\u00f6sse:<\/dt>\n<dd>Kantenl\u00e4nge 7 cm, insges. 11.5 cm<\/dd>\n<dt>Design:<\/dt>\n<dd>Hans-J\u00fcrgen Goblirsch<\/dd>\n<\/dl>\n<p>Der Umst\u00fclpbare W\u00fcrfel gleichsam in Skelettform. Die verl\u00e4ngerten Kanten veranschaulichen den vierfachen Durchgang dieses als rhythmisch-pulsierend erlebbaren, nicht als fest aufzufassenden K\u00f6rpers durch die \u00abUnendlichkeit\u00bb, w\u00e4hrend der Umst\u00fclpung. Bei diesem Modell ist es der W\u00fcrfel als Ganzes, mit dem sich die Umst\u00fclpbewegung in ihren verschiedenen Intervallpositionen nachzeichnen l\u00e4sst. In der Schule sagte mein Mathematiklehrer: \u00abDie Parallelen schneiden sich im Unendlichen\u00bb. 20 Jahre sp\u00e4ter habe ich diesen Satz an diesem sch\u00f6nen W\u00fcrfelmodell verstanden \u2013 bezeugt ein begeisterter Liebhaber.<\/p>","protected":false},"excerpt":{"rendered":"<p>Der Umst\u00fclpbare W\u00fcrfel gleichsam in Skelettform.<\/p>\n<p>Produktgr\u00f6sse: Kantenl\u00e4nge 7 cm, insges. 11.5 cm<\/p>\n","protected":false},"featured_media":4834,"comment_status":"open","ping_status":"closed","template":"","meta":[],"product_cat":[126],"product_tag":[128],"class_list":{"0":"post-4831","1":"product","2":"type-product","3":"status-publish","4":"has-post-thumbnail","6":"product_cat-invertible-cube","7":"product_tag-stainless-steel","9":"first","10":"instock","11":"taxable","12":"shipping-taxable","13":"purchasable","14":"product-type-simple"},"_links":{"self":[{"href":"https:\/\/www.kuboid.ch\/shop\/de\/wp-json\/wp\/v2\/product\/4831"}],"collection":[{"href":"https:\/\/www.kuboid.ch\/shop\/de\/wp-json\/wp\/v2\/product"}],"about":[{"href":"https:\/\/www.kuboid.ch\/shop\/de\/wp-json\/wp\/v2\/types\/product"}],"replies":[{"embeddable":true,"href":"https:\/\/www.kuboid.ch\/shop\/de\/wp-json\/wp\/v2\/comments?post=4831"}],"wp:featuredmedia":[{"embeddable":true,"href":"https:\/\/www.kuboid.ch\/shop\/de\/wp-json\/wp\/v2\/media\/4834"}],"wp:attachment":[{"href":"https:\/\/www.kuboid.ch\/shop\/de\/wp-json\/wp\/v2\/media?parent=4831"}],"wp:term":[{"taxonomy":"product_cat","embeddable":true,"href":"https:\/\/www.kuboid.ch\/shop\/de\/wp-json\/wp\/v2\/product_cat?post=4831"},{"taxonomy":"product_tag","embeddable":true,"href":"https:\/\/www.kuboid.ch\/shop\/de\/wp-json\/wp\/v2\/product_tag?post=4831"}],"curies":[{"name":"wp","href":"https:\/\/api.w.org\/{rel}","templated":true}]}}