{"id":4827,"date":"2019-07-29T11:00:58","date_gmt":"2019-07-29T03:00:58","guid":{"rendered":"https:\/\/semper.cyon.site\/kuboid\/?post_type=product&#038;p=4827"},"modified":"2026-03-22T17:32:31","modified_gmt":"2026-03-22T16:32:31","slug":"invertible-cube-cardboard-coloured","status":"publish","type":"product","link":"https:\/\/www.kuboid.ch\/shop\/de\/product\/invertible-cube-cardboard-coloured\/","title":{"rendered":"Umst\u00fclpbarer W\u00fcrfel (Karton farbig)"},"content":{"rendered":"<p><\/p>\n<dl class=\"product-details\">\n<dt>Ausf\u00fchrung:<\/dt>\n<dd>Karton, farbig, handgefertigt, in Kartonschachtel mit Beipackzettel geliefert<\/dd>\n<dt>Produktgr\u00f6sse:<\/dt>\n<dd>7 x 7 x 7 cm<\/dd>\n<dt>Design:<\/dt>\n<dd>Paul Schatz<\/dd>\n<\/dl>\n<p>Es war am 29. November 1929, da Paul Schatz den W\u00fcrfel, den Repr\u00e4sentanten des Irdischen, Festen, ja Starren, in die Bewegung brachte. Das Studium des Pentagondodekaeders, des gewissermassen nobelsten der Platonischen K\u00f6rper, f\u00fchrte ihn zur Entdeckung, dass der W\u00fcrfel zun\u00e4chst unterteilt werden kann in zwei Sternk\u00f6rper und einen W\u00fcrfelg\u00fcrtel. Der von den Riegelk\u00f6rpern befreite W\u00fcrfelg\u00fcrtel ist es, was die dem W\u00fcrfel inne wohnenden Regsamkeiten eindr\u00fccklich veranschaulicht. Das Modell macht die variantenreiche Bewegung des W\u00fcrfels handgreiflich erlebbar. Die impulsartige Bewegung f\u00fchrte ihn dar\u00fcber hinaus zum Bau unz\u00e4hliger Maschinen. Die bekanntesten sind die \u00abTurbula\u00bb und das \u00abOloid\u00bb.<\/p>","protected":false},"excerpt":{"rendered":"<p>Das Modell macht die variantenreiche Bewegung des W\u00fcrfels handgreiflich erlebbar.<\/p>\n<p>Produktgr\u00f6sse: 7 x 7 x 7 cm<\/p>\n","protected":false},"featured_media":4828,"comment_status":"open","ping_status":"closed","template":"","meta":[],"product_cat":[126],"product_tag":[127],"class_list":{"0":"post-4827","1":"product","2":"type-product","3":"status-publish","4":"has-post-thumbnail","6":"product_cat-invertible-cube","7":"product_tag-cardboard","9":"first","10":"instock","11":"taxable","12":"shipping-taxable","13":"purchasable","14":"product-type-simple"},"_links":{"self":[{"href":"https:\/\/www.kuboid.ch\/shop\/de\/wp-json\/wp\/v2\/product\/4827"}],"collection":[{"href":"https:\/\/www.kuboid.ch\/shop\/de\/wp-json\/wp\/v2\/product"}],"about":[{"href":"https:\/\/www.kuboid.ch\/shop\/de\/wp-json\/wp\/v2\/types\/product"}],"replies":[{"embeddable":true,"href":"https:\/\/www.kuboid.ch\/shop\/de\/wp-json\/wp\/v2\/comments?post=4827"}],"wp:featuredmedia":[{"embeddable":true,"href":"https:\/\/www.kuboid.ch\/shop\/de\/wp-json\/wp\/v2\/media\/4828"}],"wp:attachment":[{"href":"https:\/\/www.kuboid.ch\/shop\/de\/wp-json\/wp\/v2\/media?parent=4827"}],"wp:term":[{"taxonomy":"product_cat","embeddable":true,"href":"https:\/\/www.kuboid.ch\/shop\/de\/wp-json\/wp\/v2\/product_cat?post=4827"},{"taxonomy":"product_tag","embeddable":true,"href":"https:\/\/www.kuboid.ch\/shop\/de\/wp-json\/wp\/v2\/product_tag?post=4827"}],"curies":[{"name":"wp","href":"https:\/\/api.w.org\/{rel}","templated":true}]}}