{"id":4780,"date":"2019-07-28T12:14:12","date_gmt":"2019-07-28T10:14:12","guid":{"rendered":"https:\/\/semper.cyon.site\/kuboid\/?post_type=product&#038;p=4780"},"modified":"2026-01-14T23:47:38","modified_gmt":"2026-01-14T22:47:38","slug":"oloid-in-bronze-patinated","status":"publish","type":"product","link":"https:\/\/www.kuboid.ch\/shop\/de\/product\/oloid-in-bronze-patinated\/","title":{"rendered":"Oloid aus Bronze, patiniert"},"content":{"rendered":"<p><\/p>\n<dl class=\"product-details\">\n<dt>Ausf\u00fchrung:<\/dt>\n<dd>Bronze massiv, patiniert, handgegossen, in Kleinserie hergestellt, in Kartonschachtel mit Beipackzettel geliefert<\/dd>\n<dt>Produktgr\u00f6sse:<\/dt>\n<dd>11 x 11 x 17 cm<\/dd>\n<dt>Design:<\/dt>\n<dd>Paul Schatz<\/dd>\n<\/dl>\n<p>Wie Brancusi mit dem \u00abOvoid\u00bb, so ist Paul Schatz mit dem von ihm so getauften \u00abOloid\u00bb verbunden. Letzteres ist eine geometrische Form, welche die Bewegung des Umst\u00fclpbaren W\u00fcrfels (genau genommen einer der Raumdiagonalen) nachzeichnet, dessen Regsamkeit f\u00fcr einen Moment festh\u00e4lt, umh\u00fcllt \u2013 und in verwandelter Art und Weise fortf\u00fchrt. Ist Zeitgestalt, Zeitskulptur. Weil so sehr formvollendet, dar\u00fcber hinaus als Design-Objekt in Museumsshop-Vitrinen oder auf vielen Schreibtischen zu Hause. Anders als eine aus der k\u00fcnstlerischen Phantasie frei gesch\u00f6pfte Gestalt ist das Oloid eine zugleich rein objektive Form, reine Gesetztm\u00e4ssigkeit, ja Bewegungsgeste. Ins taumelnde Rollen gebracht, fasziniert sie auf Anhieb Jung und Alt, Bettler und K\u00f6nig gleichermassen.<\/p>","protected":false},"excerpt":{"rendered":"<p>Ins taumelnde Rollen gebracht, fasziniert diese Figur auf Anhieb Jung und Alt, Bettler und K\u00f6nig gleichermassen.<\/p>\n<p>Produktgr\u00f6sse: 11 x 11 x 17 cm<\/p>\n<p><span style=\"color: #ff6600;\">Lieferzeit ca. 3 Monate<\/span><\/p>\n","protected":false},"featured_media":6287,"comment_status":"open","ping_status":"closed","template":"","meta":[],"product_cat":[102],"product_tag":[125],"class_list":{"0":"post-4780","1":"product","2":"type-product","3":"status-publish","4":"has-post-thumbnail","6":"product_cat-oloid","7":"product_tag-bronze","9":"first","10":"instock","11":"taxable","12":"shipping-taxable","13":"purchasable","14":"product-type-simple"},"_links":{"self":[{"href":"https:\/\/www.kuboid.ch\/shop\/de\/wp-json\/wp\/v2\/product\/4780"}],"collection":[{"href":"https:\/\/www.kuboid.ch\/shop\/de\/wp-json\/wp\/v2\/product"}],"about":[{"href":"https:\/\/www.kuboid.ch\/shop\/de\/wp-json\/wp\/v2\/types\/product"}],"replies":[{"embeddable":true,"href":"https:\/\/www.kuboid.ch\/shop\/de\/wp-json\/wp\/v2\/comments?post=4780"}],"wp:featuredmedia":[{"embeddable":true,"href":"https:\/\/www.kuboid.ch\/shop\/de\/wp-json\/wp\/v2\/media\/6287"}],"wp:attachment":[{"href":"https:\/\/www.kuboid.ch\/shop\/de\/wp-json\/wp\/v2\/media?parent=4780"}],"wp:term":[{"taxonomy":"product_cat","embeddable":true,"href":"https:\/\/www.kuboid.ch\/shop\/de\/wp-json\/wp\/v2\/product_cat?post=4780"},{"taxonomy":"product_tag","embeddable":true,"href":"https:\/\/www.kuboid.ch\/shop\/de\/wp-json\/wp\/v2\/product_tag?post=4780"}],"curies":[{"name":"wp","href":"https:\/\/api.w.org\/{rel}","templated":true}]}}