{"id":4740,"date":"2019-07-28T09:58:06","date_gmt":"2019-07-28T01:58:06","guid":{"rendered":"https:\/\/semper.cyon.site\/kuboid\/?post_type=product&#038;p=4740"},"modified":"2026-01-14T23:43:00","modified_gmt":"2026-01-14T22:43:00","slug":"oloid-in-wood-medium","status":"publish","type":"product","link":"https:\/\/www.kuboid.ch\/shop\/de\/product\/oloid-in-wood-medium\/","title":{"rendered":"Oloid aus Holz (mittel)"},"content":{"rendered":"<p><\/p>\n<dl class=\"product-details\">\n<dt>Ausf\u00fchrung:<\/dt>\n<dd>Handarbeit, in Kartonschachtel mit Beipackzettel geliefert<\/dd>\n<dt>Produktgr\u00f6sse:<\/dt>\n<dd>8 x 12 cm<\/dd>\n<dt>Design:<\/dt>\n<dd>Paul Schatz<\/dd>\n<\/dl>\n<p>Derselbe rhythmisch-pulsierende K\u00f6rper in Holz. Das ausgew\u00e4hlte Material, die Maserungen, dazu der sorgf\u00e4ltige Zuschnitt lassen das Oloid anders sprechen, als in Metall. Das Edle kommt hier sozusagen in einem anderen Gewand daher &#8230; gerollt.<\/p>","protected":false},"excerpt":{"rendered":"<p>Das ausgew\u00e4hlte Material, die Maserungen, dazu der sorgf\u00e4ltige Zuschnitt lassen das Oloid anders sprechen, als in Metall.<\/p>\n<p>Produktgr\u00f6sse: 8 x 12 cm<\/p>\n","protected":false},"featured_media":7412,"comment_status":"open","ping_status":"closed","template":"","meta":[],"product_cat":[102],"product_tag":[103],"class_list":{"0":"post-4740","1":"product","2":"type-product","3":"status-publish","4":"has-post-thumbnail","6":"product_cat-oloid","7":"product_tag-wood","9":"first","10":"instock","11":"taxable","12":"shipping-taxable","13":"purchasable","14":"product-type-variable"},"_links":{"self":[{"href":"https:\/\/www.kuboid.ch\/shop\/de\/wp-json\/wp\/v2\/product\/4740"}],"collection":[{"href":"https:\/\/www.kuboid.ch\/shop\/de\/wp-json\/wp\/v2\/product"}],"about":[{"href":"https:\/\/www.kuboid.ch\/shop\/de\/wp-json\/wp\/v2\/types\/product"}],"replies":[{"embeddable":true,"href":"https:\/\/www.kuboid.ch\/shop\/de\/wp-json\/wp\/v2\/comments?post=4740"}],"wp:featuredmedia":[{"embeddable":true,"href":"https:\/\/www.kuboid.ch\/shop\/de\/wp-json\/wp\/v2\/media\/7412"}],"wp:attachment":[{"href":"https:\/\/www.kuboid.ch\/shop\/de\/wp-json\/wp\/v2\/media?parent=4740"}],"wp:term":[{"taxonomy":"product_cat","embeddable":true,"href":"https:\/\/www.kuboid.ch\/shop\/de\/wp-json\/wp\/v2\/product_cat?post=4740"},{"taxonomy":"product_tag","embeddable":true,"href":"https:\/\/www.kuboid.ch\/shop\/de\/wp-json\/wp\/v2\/product_tag?post=4740"}],"curies":[{"name":"wp","href":"https:\/\/api.w.org\/{rel}","templated":true}]}}