{"id":4638,"date":"2019-07-27T12:01:47","date_gmt":"2019-07-27T04:01:47","guid":{"rendered":"https:\/\/semper.cyon.site\/kuboid\/?post_type=product&#038;p=4638"},"modified":"2026-01-14T23:41:47","modified_gmt":"2026-01-14T22:41:47","slug":"oloid-in-wood-small","status":"publish","type":"product","link":"https:\/\/www.kuboid.ch\/shop\/de\/product\/oloid-in-wood-small\/","title":{"rendered":"Oloid aus Holz (klein)"},"content":{"rendered":"<p><\/p>\n<dl class=\"product-details\">\n<dt>Ausf\u00fchrung:<\/dt>\n<dd>Handarbeit, in Kartonschachtel mit Beipackzettel geliefert<\/dd>\n<dt>Produktgr\u00f6sse:<\/dt>\n<dd>7 x 4.5 cm<\/dd>\n<dt>Design:<\/dt>\n<dd>Paul Schatz<\/dd>\n<\/dl>\n<p>Handschmeichler, purzelnder Gnom, wellender Torkler und vor allem eine Augenweide sind diese kleinen handlichen Oloide. Mittlerweile reisen sie bei vielen Menschen in Handtasche oder Aktenkoffer tagt\u00e4glich mit, um an einer Sitzung oder bei einem Gespr\u00e4ch flugs aufzutauchen und das Gegen\u00fcber zu verbl\u00fcffen \u2013 koboldartig. Ihr Streich erschrickt jedoch nicht, sondern bewirkt sogleich, was Platon den Anfang der Philosophie, als deren Voraussetzung bezeichnete: das Staunen. Jeder Holzk\u00f6rper ist aufgrund der Auswahl, der Maserung und des Zuschnittes einmalig.<\/p>","protected":false},"excerpt":{"rendered":"<p>Handschmeichler, purzelnder Gnom, wellender Torkler und vor allem eine Augenweide sind diese kleinen handlichen Oloide.<\/p>\n<p>Produktgr\u00f6sse: 7 x 4.5 cm<\/p>\n","protected":false},"featured_media":7617,"comment_status":"open","ping_status":"closed","template":"","meta":[],"product_cat":[102],"product_tag":[103],"class_list":{"0":"post-4638","1":"product","2":"type-product","3":"status-publish","4":"has-post-thumbnail","6":"product_cat-oloid","7":"product_tag-wood","9":"first","10":"instock","11":"taxable","12":"shipping-taxable","13":"purchasable","14":"product-type-variable"},"_links":{"self":[{"href":"https:\/\/www.kuboid.ch\/shop\/de\/wp-json\/wp\/v2\/product\/4638"}],"collection":[{"href":"https:\/\/www.kuboid.ch\/shop\/de\/wp-json\/wp\/v2\/product"}],"about":[{"href":"https:\/\/www.kuboid.ch\/shop\/de\/wp-json\/wp\/v2\/types\/product"}],"replies":[{"embeddable":true,"href":"https:\/\/www.kuboid.ch\/shop\/de\/wp-json\/wp\/v2\/comments?post=4638"}],"wp:featuredmedia":[{"embeddable":true,"href":"https:\/\/www.kuboid.ch\/shop\/de\/wp-json\/wp\/v2\/media\/7617"}],"wp:attachment":[{"href":"https:\/\/www.kuboid.ch\/shop\/de\/wp-json\/wp\/v2\/media?parent=4638"}],"wp:term":[{"taxonomy":"product_cat","embeddable":true,"href":"https:\/\/www.kuboid.ch\/shop\/de\/wp-json\/wp\/v2\/product_cat?post=4638"},{"taxonomy":"product_tag","embeddable":true,"href":"https:\/\/www.kuboid.ch\/shop\/de\/wp-json\/wp\/v2\/product_tag?post=4638"}],"curies":[{"name":"wp","href":"https:\/\/api.w.org\/{rel}","templated":true}]}}