{"id":15320,"date":"2026-01-02T15:18:13","date_gmt":"2026-01-02T14:18:13","guid":{"rendered":"https:\/\/www.kuboid.ch\/shop\/?post_type=product&#038;p=15320"},"modified":"2026-01-14T23:36:14","modified_gmt":"2026-01-14T22:36:14","slug":"neu-oloid-seife-orange-zitrone","status":"publish","type":"product","link":"https:\/\/www.kuboid.ch\/shop\/de\/product\/neu-oloid-seife-orange-zitrone\/","title":{"rendered":"Neu: OLOID-Seife (Orange, Zitrone)"},"content":{"rendered":"<p>So wie zwei menschliche H\u00e4nde einen Innenraum umgreifen, so erschliessen die beiden Kreissegmente des Oloids eine bewegliche Sph\u00e4re. Unsere OLOID-Seife entsprich der Gr\u00f6sse unserer H\u00e4nde. Es ist ein unglaubliches Gef\u00fchl diese form mit Wasser und unserer Haut in Verbindung zu setzen. Damit kann die Umst\u00fclpungsbewegung auf sinnlicher Art wie kaum sonst erlebt werden.<\/p>\n<p>Im kaltverfahren liebevoll von Hand gesiedete Seife. Hergestellt aus verseiftem Raps\u00f6l, Kokos\u00f6l. Reiskeim\u00f6l, Kakaobutter, Rizinus\u00f6l und Alpaka-Wolle. Durch das schonende Kaltverfahren, bleiben die wertvollen Inhaltsstoffe des Alpaka-Keratins und die Proteine weitestgehend erhalten.<\/p>\n<p>Die Seife ist \u00e4usserst pflegend, reinigt sanft, hinterl\u00e4sst ein wunderbar zartes Hautgef\u00fchl und ist durch den Keratin-Anteil auch f\u00fcr die Bartpflege bestens geeignet.<\/p>\n<p>Wasser, organische Bewegungen, Reinigung und Oloid sind wie eine Einheit.<\/p>\n<p><b>Gewicht: 103-107 gr<\/b><\/p>\n<p><b>Gr\u00f6sse: etwa 55x 115 mm leicht variierend<\/b><\/p>\n<p><b>Duft: Orange oder Zitrone<\/b><\/p>\n<p>OLOID. Entdecker Paul Schatz, die Form entsteht durch die Bewegung des Umst\u00fclpbaren W\u00fcrfels<\/p>\n<p>Kuboid GmbH, Jurastrasse 50, 4053 Basel, Dezember 2025 <span style=\"color: #0563c1;\"><u><a href=\"http:\/\/www.kuboid.ch\/\" target=\"_top\" rel=\"noopener\">www.kuboid.ch<\/a><\/u><\/span><\/p>","protected":false},"excerpt":{"rendered":"<p>So wie zwei menschliche H\u00e4nde einen Innenraum umgreifen, so erschliessen die beiden Kreissegmente des Oloids eine bewegliche Sph\u00e4re. Unsere OLOID-Seife entsprich der Gr\u00f6sse unserer H\u00e4nde. Es ist ein unglaubliches Gef\u00fchl diese form mit Wasser und unserer Haut in Verbindung zu setzen. Damit kann die Umst\u00fclpungsbewegung auf sinnlicher Art wie kaum sonst erlebt werden.<\/p>\n<p>Im kaltverfahren liebevoll von Hand gesiedete Seife. Hergestellt aus verseiftem Raps\u00f6l, Kokos\u00f6l. Reiskeim\u00f6l, Kakaobutter, Rizinus\u00f6l und Alpaka-Wolle. Durch das schonende Kaltverfahren, bleiben die wertvollen Inhaltsstoffe des Alpaka-Keratins und die Proteine weitestgehend erhalten.<\/p>\n<p>Die Seife ist \u00e4usserst pflegend, reinigt sanft, hinterl\u00e4sst ein wunderbar zartes Hautgef\u00fchl und ist durch den Keratin-Anteil auch f\u00fcr die Bartpflege bestens geeignet.<\/p>\n<p>Wasser, organische Bewegungen, Reinigung und Oloid sind wie eine Einheit.<\/p>\n<p><b>Gewicht: 103-107 gr<\/b><\/p>\n<p><b>Gr\u00f6sse: etwa 55x 115 mm leicht variierend<\/b><\/p>\n<p><b>Duft: Orange oder Zitrone<\/b><\/p>\n<p>OLOID. Entdecker Paul Schatz, die Form entsteht durch die Bewegung des Umst\u00fclpbaren W\u00fcrfels<\/p>\n<p>Kuboid GmbH, Jurastrasse 50, 4053 Basel, Dezember 2025 <span style=\"color: #0563c1;\"><u><a href=\"http:\/\/www.kuboid.ch\/\" target=\"_top\" rel=\"noopener\">www.kuboid.ch<\/a><\/u><\/span><\/p>\n","protected":false},"featured_media":15325,"comment_status":"open","ping_status":"closed","template":"","meta":[],"product_cat":[102],"product_tag":[162,161],"class_list":{"0":"post-15320","1":"product","2":"type-product","3":"status-publish","4":"has-post-thumbnail","6":"product_cat-oloid","7":"product_tag-oloid","8":"product_tag-seife","10":"first","11":"instock","12":"taxable","13":"shipping-taxable","14":"purchasable","15":"product-type-variable"},"_links":{"self":[{"href":"https:\/\/www.kuboid.ch\/shop\/de\/wp-json\/wp\/v2\/product\/15320"}],"collection":[{"href":"https:\/\/www.kuboid.ch\/shop\/de\/wp-json\/wp\/v2\/product"}],"about":[{"href":"https:\/\/www.kuboid.ch\/shop\/de\/wp-json\/wp\/v2\/types\/product"}],"replies":[{"embeddable":true,"href":"https:\/\/www.kuboid.ch\/shop\/de\/wp-json\/wp\/v2\/comments?post=15320"}],"wp:featuredmedia":[{"embeddable":true,"href":"https:\/\/www.kuboid.ch\/shop\/de\/wp-json\/wp\/v2\/media\/15325"}],"wp:attachment":[{"href":"https:\/\/www.kuboid.ch\/shop\/de\/wp-json\/wp\/v2\/media?parent=15320"}],"wp:term":[{"taxonomy":"product_cat","embeddable":true,"href":"https:\/\/www.kuboid.ch\/shop\/de\/wp-json\/wp\/v2\/product_cat?post=15320"},{"taxonomy":"product_tag","embeddable":true,"href":"https:\/\/www.kuboid.ch\/shop\/de\/wp-json\/wp\/v2\/product_tag?post=15320"}],"curies":[{"name":"wp","href":"https:\/\/api.w.org\/{rel}","templated":true}]}}