{"id":5905,"date":"2019-08-18T00:34:46","date_gmt":"2019-08-17T16:34:46","guid":{"rendered":"https:\/\/www.kuboid.ch\/kuboid\/?page_id=5905"},"modified":"2020-03-07T16:03:17","modified_gmt":"2020-03-07T15:03:17","slug":"kuboid-gmbh","status":"publish","type":"page","link":"https:\/\/www.kuboid.ch\/shop\/de\/kuboid-gmbh\/","title":{"rendered":"Kuboid GmbH"},"content":{"rendered":"<p>[vc_row full_width=&#8220;stretch_row&#8220; parallax=&#8220;content-moving-fade&#8220; parallax_image=&#8220;5938&#8243; css=&#8220;.vc_custom_1566118762267{padding-top: 500px !important;}&#8220;][vc_column][\/vc_column][\/vc_row][vc_row full_width=&#8220;stretch_row&#8220; css=&#8220;.vc_custom_1570572952508{padding-top: 6% !important;padding-bottom: 12% !important;background-color: #b2a28d !important;}&#8220;][vc_column][vc_column_text css=&#8220;.vc_custom_1570573335568{padding-right: 6% !important;padding-bottom: 6% !important;padding-left: 6% !important;}&#8220;]<\/p>\n<h1>\u00dcber Uns<\/h1>\n<p>Im Jahre 1929 gelang dem Bildhauer, Mathematiker und Techniker Paul Schatz (1898-1979) die Entdeckung, dass die f\u00fcnf regul\u00e4ren, platonischen K\u00f6rper umst\u00fclpbar und beweglich sind. W\u00e4hrend seiner darauffolgenden reichen Schaffenszeit entdeckte und entwickelte er eine Reihe von neuen Formen, Spielen, Maschinen, M\u00f6beln und Lampen, die mit dem Bewegungsprinzip der Umst\u00fclpung zu tun haben. Schiffsantriebe, Luftschiffe, Mischmaschinen, neue Ger\u00e4te zur Wasseraufbereitung, umst\u00fclpbare Lampen und Verpackungen z\u00e4hlen zu seinem umfangreichen Werk.<\/p>\n<p>Paul Schatz war dem platonischen Ideal der Ganzheitlichkeit verpflichtet. Ihm war es stets ein Anliegen, dass Grafik, Verpackung, Mass und Gewicht, Material, Textur und Verarbeitung seiner Objekte miteinander harmonieren. Auch ging es ihm darum, komplexe mathematische Fragestellungen anhand der Sch\u00f6nheit geometrischer Formen der \u00d6ffentlichkeit nahe zu bringen und dabei die spielerische Entdeckungsfreude anzusprechen.<\/p>\n<p>Im M\u00e4rz 2006 wurde die Kuboid GmbH von Christoph und Tobias Langscheid gegr\u00fcndet.<br \/>\nDer Name \u00bbKuboid\u00ab stammt wie der Name \u00bbOloid\u00ab von Paul Schatz. Die Kuboide sind H\u00fcllformen der Oloide und bilden sich w\u00e4hrend einer Umst\u00fclpungsbewegung des W\u00fcrfels.[\/vc_column_text][vc_single_image image=&#8220;6245&#8243; img_size=&#8220;full&#8220; css=&#8220;.vc_custom_1570574382723{padding-right: 6% !important;padding-left: 6% !important;}&#8220;][vc_column_text css=&#8220;.vc_custom_1570573343126{padding-top: 1rem !important;padding-right: 6% !important;padding-left: 6% !important;}&#8220;]<\/p>\n<p style=\"text-align: center;\"><em>Der Kantenkuboid wird durch die sich bewegenden W\u00fcrfelkanten gebildet, Foto: Gmehlin<\/em><\/p>\n<p>[\/vc_column_text][vc_column_text css=&#8220;.vc_custom_1570573348538{padding-top: 6% !important;padding-right: 6% !important;padding-left: 6% !important;}&#8220;]Unsere Mission ist es, dem Charakter der \u00bbKuboidform\u00ab im Gesamtkontext des Werkes von Paul Schatz nach zu leben und in enger Zusammenarbeit mit der Paul Schatz Stiftung und der Paul Schatz Gesellschaft e.V. Wissen \u00fcber die Modelle von Paul Schatz und ihre Anwendungen zu vermitteln.[\/vc_column_text][\/vc_column][\/vc_row][vc_row full_width=&#8220;stretch_row&#8220; css=&#8220;.vc_custom_1570575206600{padding-top: 6% !important;padding-bottom: 12% !important;background-color: #9ab4b7 !important;}&#8220;][vc_column][vc_column_text css=&#8220;.vc_custom_1570574870297{padding-right: 6% !important;padding-bottom: 6% !important;padding-left: 6% !important;}&#8220;]<\/p>\n<h1>Unsere Partner<\/h1>\n<p>Mit <a href=\"https:\/\/ahao.studio\" target=\"_blank\" rel=\"noopener noreferrer\">Christophe Mou<\/a>, dem Gestalter und Programmierer dieser Website arbeiten wir seit 2006 zusammen und er hat uns nun auch einen neuen Webauftritt geschaffen.<br \/>\nGeorg Iliev gestaltet unsere Grafik und Verpackung.<br \/>\nMit verschiedenen Designern haben wir schon seit einiger Zeit die Produktpalette erweitert. Wir sind stolz darauf, dass Felix Hediger das Design der Lampe FLOYD und Oliver Niewiadomski f\u00fcr uns das Design des K\u00fcchen- und Laborger\u00e4tes Rhythmixx entwickelt hat. Die technische Konstruktion stammt ebenfalls von Felix Hediger.<\/p>\n<p>Die Architekten Michael Schultes und Caroline Lotz, beide aktiv im Verein Experimonde (Wien), haben in unerm\u00fcdlicher Arbeit einen ersten Kuboid Pavillon entwickelt.[\/vc_column_text][vc_single_image image=&#8220;6267&#8243; img_size=&#8220;full&#8220; css=&#8220;.vc_custom_1570574386547{padding-right: 6% !important;padding-left: 6% !important;}&#8220;][vc_column_text css=&#8220;.vc_custom_1570574409544{padding-top: 1rem !important;padding-right: 6% !important;padding-left: 6% !important;}&#8220;]<\/p>\n<p style=\"text-align: center;\"><em>Polkuboid mit Musikgruppe SULP, Foto: Lola Berger<br \/>\n<\/em><\/p>\n<p>[\/vc_column_text][vc_column_text css=&#8220;.vc_custom_1570574431728{padding-top: 6% !important;padding-right: 6% !important;padding-left: 6% !important;}&#8220;]Weitere Objekte und Gebrauchsgegenst\u00e4nde sind in Vorbereitung. An dieser Stelle sei auch unseren verschiedenen Herstellern gedankt, die seit Jahren die sehr anspruchsvolle Produktionsarbeit auf einem hohen Niveau erf\u00fcllen. Ohne gediegene Handwerkskunst w\u00e4re unser vielf\u00e4ltiges Sortiment nicht denkbar.<br \/>\nF\u00fcr Anregungen oder Beitr\u00e4ge seitens unserer Partner und Kunden sind wir immer offen und dankbar.[\/vc_column_text][\/vc_column][\/vc_row]<\/p>","protected":false},"excerpt":{"rendered":"<p>[vc_row full_width=&#8220;stretch_row&#8220; parallax=&#8220;content-moving-fade&#8220; parallax_image=&#8220;5938&#8243; css=&#8220;.vc_custom_1566118762267{padding-top: 500px !important;}&#8220;][vc_column][\/vc_column][\/vc_row][vc_row full_width=&#8220;stretch_row&#8220; css=&#8220;.vc_custom_1570572952508{padding-top: 6% !important;padding-bottom: 12% !important;background-color: #b2a28d !important;}&#8220;][vc_column][vc_column_text&#8230;<\/p>\n","protected":false},"author":19,"featured_media":0,"parent":0,"menu_order":0,"comment_status":"closed","ping_status":"closed","template":"","meta":{"footnotes":""},"class_list":["post-5905","page","type-page","status-publish","hentry"],"_links":{"self":[{"href":"https:\/\/www.kuboid.ch\/shop\/de\/wp-json\/wp\/v2\/pages\/5905"}],"collection":[{"href":"https:\/\/www.kuboid.ch\/shop\/de\/wp-json\/wp\/v2\/pages"}],"about":[{"href":"https:\/\/www.kuboid.ch\/shop\/de\/wp-json\/wp\/v2\/types\/page"}],"author":[{"embeddable":true,"href":"https:\/\/www.kuboid.ch\/shop\/de\/wp-json\/wp\/v2\/users\/19"}],"replies":[{"embeddable":true,"href":"https:\/\/www.kuboid.ch\/shop\/de\/wp-json\/wp\/v2\/comments?post=5905"}],"version-history":[{"count":55,"href":"https:\/\/www.kuboid.ch\/shop\/de\/wp-json\/wp\/v2\/pages\/5905\/revisions"}],"predecessor-version":[{"id":6757,"href":"https:\/\/www.kuboid.ch\/shop\/de\/wp-json\/wp\/v2\/pages\/5905\/revisions\/6757"}],"wp:attachment":[{"href":"https:\/\/www.kuboid.ch\/shop\/de\/wp-json\/wp\/v2\/media?parent=5905"}],"curies":[{"name":"wp","href":"https:\/\/api.w.org\/{rel}","templated":true}]}}